{"id":978,"date":"2024-01-06T17:43:42","date_gmt":"2024-01-06T16:43:42","guid":{"rendered":"https:\/\/chezjeandestrivay.com\/?page_id=978"},"modified":"2024-01-06T18:17:07","modified_gmt":"2024-01-06T17:17:07","slug":"livre-dor","status":"publish","type":"page","link":"https:\/\/chezjeandestrivay.com\/en\/livre-dor\/","title":{"rendered":"Livre d&rsquo;Or"},"content":{"rendered":"<div class=\"gwolle-gb\"><div class=\"gwolle_gb_messages_top_container gwolle-gb-messages-top-container\"><\/div>\n\t\t\t<form action=\"#\" method=\"POST\" class=\"gwolle-gb-write gwolle_gb_form_ajax gwolle-gb-form-ajax gwolle-gb-ajax gwolle-gb-not-logged-in\" data-trp-original-action=\"#\">\n\t\t\t\t<h3>Leave a message in the Guestbook<\/h3>\n\t\t\t\t\n\t\t\t\t<input type=\"hidden\" name=\"gwolle_gb_function\" class=\"gwolle_gb_function\" value=\"add_entry\" \/><input type=\"hidden\" name=\"gwolle_gb_book_id\" class=\"gwolle_gb_book_id\" value=\"1\" \/><div class=\"gwolle_gb_85ca136634a19fa77423fc4f80fefa04\">\n\t\t\t\t<div class=\"label\"><label for=\"gwolle_gb_85ca136634a19fa77423fc4f80fefa04-1\" class=\"text-info\">Name <span class=\"required\">*<\/span><\/label><\/div>\n\t\t\t\t<div class=\"input\"><input class=\"wp-exclude-emoji gwolle_gb_85ca136634a19fa77423fc4f80fefa04\" value=\"\" type=\"text\" id=\"gwolle_gb_85ca136634a19fa77423fc4f80fefa04-1\" name=\"gwolle_gb_85ca136634a19fa77423fc4f80fefa04\" required \/><\/div>\n\t\t\t\t<div class=\"clearBoth\">&nbsp;<\/div>\n\t\t\t<\/div><div class=\"gwolle_gb_e33dc296148b71d55695fe9a5a229249\">\n\t\t\t\t\t<div class=\"label\"><label for=\"gwolle_gb_e33dc296148b71d55695fe9a5a229249-1\" class=\"text-info\">City<\/label><\/div>\n\t\t\t\t\t<div class=\"input\"><input class=\"wp-exclude-emoji gwolle_gb_e33dc296148b71d55695fe9a5a229249\" value=\"\" type=\"text\" id=\"gwolle_gb_e33dc296148b71d55695fe9a5a229249-1\" name=\"gwolle_gb_e33dc296148b71d55695fe9a5a229249\" \/><\/div>\n\t\t\t\t\t<div class=\"clearBoth\">&nbsp;<\/div>\n\t\t\t\t<\/div><div class=\"gwolle_gb_b78296d690d4dee9e9fef68e765e16f7\">\n\t\t\t\t<div class=\"label\"><label for=\"gwolle_gb_b78296d690d4dee9e9fef68e765e16f7-1\" class=\"text-info\">Email <span class=\"required\">*<\/span><\/label><\/div>\n\t\t\t\t<div class=\"input\"><input class=\"gwolle_gb_b78296d690d4dee9e9fef68e765e16f7\" value=\"\" type=\"email\" id=\"gwolle_gb_b78296d690d4dee9e9fef68e765e16f7-1\" name=\"gwolle_gb_b78296d690d4dee9e9fef68e765e16f7\" required \/><\/div>\n\t\t\t\t<div class=\"clearBoth\">&nbsp;<\/div>\n\t\t\t<\/div>\n\t\t\t<div class=\"gwolle_gb_0586e7984cf5c42777c00f5b632b1d27\" style=\"display:none;overflow:hidden;\" hidden=\"true\" aria-hidden=\"true\">\n\t\t\t\t<div class=\"label\">\n\t\t\t\t\t<label for=\"gwolle_gb_0586e7984cf5c42777c00f5b632b1d27-1\" class=\"text-primary\">Do not touch this<\/label>\n\t\t\t\t\t<label for=\"gwolle_gb_3a33a2eda97041734bb86f3544968eb4-1\" class=\"text-primary\">Do not touch this<\/label>\n\t\t\t\t<\/div>\n\t\t\t\t<div class=\"input\">\n\t\t\t\t\t<input value=\"64\" type=\"text\" id=\"gwolle_gb_0586e7984cf5c42777c00f5b632b1d27-1\" name=\"gwolle_gb_0586e7984cf5c42777c00f5b632b1d27\" class=\"gwolle_gb_0586e7984cf5c42777c00f5b632b1d27\" style=\"transform: translateY(10000px);\" \/>\n\t\t\t\t\t<input value=\"\" type=\"text\" name=\"gwolle_gb_3a33a2eda97041734bb86f3544968eb4\" id=\"gwolle_gb_3a33a2eda97041734bb86f3544968eb4-1\" class=\"gwolle_gb_3a33a2eda97041734bb86f3544968eb4\" style=\"transform: translateY(10000px);\" \/>\n\t\t\t\t<\/div>\n\t\t\t\t<div class=\"clearBoth\"><\/div>\n\t\t\t<\/div>\n\t\t\t<div class=\"gwolle_gb_f2be88568025c55e40474a6c77d3ed60\" style=\"display:none;overflow:hidden;\" hidden=\"true\" aria-hidden=\"true\">\n\t\t\t\t<div class=\"label\">\n\t\t\t\t\t<label for=\"gwolle_gb_f2be88568025c55e40474a6c77d3ed60-1\" class=\"text-primary\">Do not touch this<\/label>\n\t\t\t\t\t<label for=\"gwolle_gb_bff00713858c14249517a0054743055e-1\" class=\"text-primary\">Do not touch this<\/label>\n\t\t\t\t<\/div>\n\t\t\t\t<div class=\"input\">\n\t\t\t\t\t<input value=\"11672\" type=\"text\" id=\"gwolle_gb_f2be88568025c55e40474a6c77d3ed60-1\" name=\"gwolle_gb_f2be88568025c55e40474a6c77d3ed60\" class=\"gwolle_gb_f2be88568025c55e40474a6c77d3ed60\" style=\"transform: translateY(10000px);\" \/>\n\t\t\t\t\t<input value=\"11672\" type=\"text\"id=\"gwolle_gb_bff00713858c14249517a0054743055e-1\" name=\"gwolle_gb_bff00713858c14249517a0054743055e\" class=\"gwolle_gb_bff00713858c14249517a0054743055e\" style=\"transform: translateY(10000px);\" \/>\n\t\t\t\t<\/div>\n\t\t\t\t<div class=\"clearBoth\"><\/div>\n\t\t\t<\/div><div class=\"gwolle_gb_content\">\n\t\t\t\t<div class=\"label\"><label for=\"gwolle_gb_content-1\" class=\"text-info\">Guestbook entry <span class=\"required\">*<\/span><\/label><\/div>\n\t\t\t\t<div class=\"input\"><textarea id=\"gwolle_gb_content-1\" name=\"gwolle_gb_content\" class=\"gwolle_gb_content wp-exclude-emoji\" required><\/textarea><\/div>\n\t\t\t\t\t<div class=\"clearBoth\">&nbsp;<\/div>\n\t\t\t\t<\/div><input type=\"hidden\" class=\"gwolle_gb_ba766650bc7e7c43eac28c6a5a38df12\" id=\"gwolle_gb_ba766650bc7e7c43eac28c6a5a38df12-1\" name=\"gwolle_gb_ba766650bc7e7c43eac28c6a5a38df12\" value=\"fcbcb06b96\" \/>\n\t\t\t<div class=\"gwolle_gb_messages_bottom_container gwolle-gb-messages-bottom-container\"><\/div>\n\n\t\t\t<noscript><div class=\"no-js\">Warning: This form can only be used if JavaScript is enabled in your browser.<\/div><\/noscript>\n\n\t\t\t<div class=\"gwolle_gb_submit\">\n\t\t\t\t<div class=\"label gwolle-gb-invisible text-muted\">&nbsp;<\/div>\n\t\t\t\t<div class=\"input\">\n\t\t\t\t\t<input type=\"submit\" name=\"gwolle_gb_submit\" class=\"gwolle_gb_submit button btn btn-primary\" value=\"Submit\" \/>\n\t\t\t\t\t<span class=\"gwolle_gb_submit_ajax_icon\"><\/span>\n\t\t\t\n\t\t\t\t<\/div>\n\t\t\t\t<div class=\"clearBoth\">&nbsp;<\/div>\n\t\t\t<\/div>\n\n\t\t\t<div class=\"gwolle_gb_notice\">\n\t\t\t\tFields marked with * are required.<br \/>\r\nYour E-mail address won't be published.<br \/>\r\nIt's possible that your entry will only be visible in the guestbook after we reviewed it.\n\t\t\t<\/div><input type=\"hidden\" name=\"trp-form-language\" value=\"en\"\/><\/form><\/div>\n\n\n<div class=\"gwolle-gb\"><div class=\"gwolle-gb-read gwolle-gb-ajax gwolle-gb-entries-list\" data-book_id=\"1\" data-page_id=\"1\">\n\t\t<div id=\"gwolle-gb-total\" class=\"gwolle-gb-total\">7 entries.<\/div><!-- Gwolle-GB Entry: Default Template Loaded -->\n\t\t\t\t<div class=\"gb-entry gb-entry_13 gb-entry-count_1 gwolle_gb_uneven gwolle-gb-uneven gwolle-gb-first\" id=\"gb-entry_13\" data-entry_id=\"13\">\n\t\t\t\t<article>\n\t\t\t\t\t<div class=\"gb-author-info\">\n\t\t\t\t\t\t<span class=\"gb-author-name\">Vincent Albertini Vincent\n\t\t\t\t\t\t<\/span>\n\t\t\t\t\t\t<span class=\"gb-datetime\">\n\t\t\t\t\t\t\t<span class=\"gb-date\"><span class=\"gb-date-wrote-text\"> wrote on<\/span><span class=\"gb-date-text\"> 5 August 2025<\/span>\n\t\t\t\t\t\t\t<\/span><span class=\"gb-time\">\n\t\t\t\t\t\t\t\t\t<span class=\"gb-time-at-text\"> at<\/span>\n\t\t\t\t\t\t\t\t\t<span class=\"gb-time-text\"> 13 h 49 min<\/span>\n\t\t\t\t\t\t\t\t<\/span>\n\t\t\t\t\t\t<\/span> \n\t\t\t\t\t<\/div>\n\t\t\t\t\t<div class=\"gb-entry-content\">Dans un cadre o\u00f9 la nature prends le dessus (et \u00e7a fait du bien), o\u00f9 le soleil est toujours au rendez-vous, nous avons profit\u00e9 pleinement d&#039;un g\u00eete (Aline) qui est accueillant et suffisamment grand pour 4 ou 5 personnes \u00e0 c\u00f4t\u00e9 de la piscine. Il y a l&#039;essentiel pour vivre. Le g\u00eete est bien isol\u00e9, \u00e7a ne chauffe pas \u00e0 l&#039;int\u00e9rieur ! Un Super U \u00e0 7 km avec des prix tr\u00e8s corrects ! Mes enfants sont all\u00e9s dans la belle piscine tous les jours, presque toute la journ\u00e9e. Nous avons pass\u00e9 un tr\u00e8s agr\u00e9able s\u00e9jour. A refaire \ud83d\ude42\n\t\t\t\t\t<\/div>\n\t\t\t\t<\/article>\n\t\t\t<\/div>\n\t\t\t<div class=\"gb-entry gb-entry_16 gb-entry-count_2 gwolle_gb_even gwolle-gb-even\" id=\"gb-entry_16\" data-entry_id=\"16\">\n\t\t\t\t<article>\n\t\t\t\t\t<div class=\"gb-author-info\">\n\t\t\t\t\t\t<span class=\"gb-author-name\"><i class=\"gb-moderator\">Thorben<\/i>\n\t\t\t\t\t\t<\/span>\n\t\t\t\t\t\t<span class=\"gb-datetime\">\n\t\t\t\t\t\t\t<span class=\"gb-date\"><span class=\"gb-date-wrote-text\"> wrote on<\/span><span class=\"gb-date-text\"> 1 August 2025<\/span>\n\t\t\t\t\t\t\t<\/span><span class=\"gb-time\">\n\t\t\t\t\t\t\t\t\t<span class=\"gb-time-at-text\"> at<\/span>\n\t\t\t\t\t\t\t\t\t<span class=\"gb-time-text\"> 13 h 55 min<\/span>\n\t\t\t\t\t\t\t\t<\/span>\n\t\t\t\t\t\t<\/span> \n\t\t\t\t\t<\/div>\n\t\t\t\t\t<div class=\"gb-entry-content\">Nous avons pass\u00e9 une semaine avec nos enfants dans le logement et nous avons pass\u00e9 un merveilleux moment !  Appartement moderne et confortablement meubl\u00e9 avec un grand espace ext\u00e9rieur accueillant avec une grande piscine et de nombreuses possibilit\u00e9s de d\u00e9tente et de relaxation. Nous nous sommes tous sentis compl\u00e8tement \u00e0 l&#039;aise et nous reviendrons avec plaisir! (Avis re\u00e7u sur Airbnb)\n\t\t\t\t\t<\/div>\n\t\t\t\t<\/article>\n\t\t\t<\/div>\n\t\t\t<div class=\"gb-entry gb-entry_17 gb-entry-count_3 gwolle_gb_uneven gwolle-gb-uneven\" id=\"gb-entry_17\" data-entry_id=\"17\">\n\t\t\t\t<article>\n\t\t\t\t\t<div class=\"gb-author-info\">\n\t\t\t\t\t\t<span class=\"gb-author-name\"><i class=\"gb-moderator\">Luliia<\/i>\n\t\t\t\t\t\t<\/span>\n\t\t\t\t\t\t<span class=\"gb-datetime\">\n\t\t\t\t\t\t\t<span class=\"gb-date\"><span class=\"gb-date-wrote-text\"> wrote on<\/span><span class=\"gb-date-text\"> 1 July 2025<\/span>\n\t\t\t\t\t\t\t<\/span><span class=\"gb-time\">\n\t\t\t\t\t\t\t\t\t<span class=\"gb-time-at-text\"> at<\/span>\n\t\t\t\t\t\t\t\t\t<span class=\"gb-time-text\"> 14 h 56 min<\/span>\n\t\t\t\t\t\t\t\t<\/span>\n\t\t\t\t\t\t<\/span> \n\t\t\t\t\t<\/div>\n\t\t\t\t\t<div class=\"gb-entry-content\">Un endroit calme et agr\u00e9able dans les bois en pleine nature. Excellente piscine profonde avec un bon filtre, eau toujours propre. Une piscine profonde et grande, qui permet de nager et de sauter. Beaucoup de chaises longues. Belle r\u00e9gion. La maison dispose d&#039;une bonne cuisine, il y a tous les ustensiles. Il y a un gril \u00e9lectrique \u00e0 l&#039;ext\u00e9rieur, vous pouvez faire un barbecue. Moustiquaires sur les fen\u00eatres, ce qui permet d&#039;ouvrir les fen\u00eatres la nuit. Il y a une d\u00e9licieuse boulangerie avec des p\u00e2tisseries fra\u00eeches \u00e0 proximit\u00e9. Vous pouvez \u00e9galement voir les environs, comme les gorges du Verdon ou la ville de Sanary Sur Mer. Nous avons aim\u00e9. (Avis re\u00e7u sur Airbnb)\n\t\t\t\t\t<\/div>\n\t\t\t\t<\/article>\n\t\t\t<\/div>\n\t\t\t<div class=\"gb-entry gb-entry_15 gb-entry-count_4 gwolle_gb_even gwolle-gb-even\" id=\"gb-entry_15\" data-entry_id=\"15\">\n\t\t\t\t<article>\n\t\t\t\t\t<div class=\"gb-author-info\">\n\t\t\t\t\t\t<span class=\"gb-author-name\"><i class=\"gb-moderator\">Laurence<\/i>\n\t\t\t\t\t\t<\/span>\n\t\t\t\t\t\t<span class=\"gb-datetime\">\n\t\t\t\t\t\t\t<span class=\"gb-date\"><span class=\"gb-date-wrote-text\"> wrote on<\/span><span class=\"gb-date-text\"> 1 August 2024<\/span>\n\t\t\t\t\t\t\t<\/span><span class=\"gb-time\">\n\t\t\t\t\t\t\t\t\t<span class=\"gb-time-at-text\"> at<\/span>\n\t\t\t\t\t\t\t\t\t<span class=\"gb-time-text\"> 14 h 53 min<\/span>\n\t\t\t\t\t\t\t\t<\/span>\n\t\t\t\t\t\t<\/span> \n\t\t\t\t\t<\/div>\n\t\t\t\t\t<div class=\"gb-entry-content\">Nous avions lou\u00e9 la totalit\u00e9 du domaine. Un vrai moment de d\u00e9tente et de l\u00e2cher prise. \r\nChaque logement a son ind\u00e9pendance ce qui permet de vivre \u00e0 son rythme. \r\nNombreux petits coins de d\u00e9tente (hamacs, transats,\u2026)\r\nLa piscine est tr\u00e8s belle. \r\nL\u2019endroit est tr\u00e8s calme. \r\nEmplacement id\u00e9al.\r\n(Avis re\u00e7u sur Airbnb)\n\t\t\t\t\t<\/div>\n\t\t\t\t<\/article>\n\t\t\t<\/div>\n\t\t\t<div class=\"gb-entry gb-entry_12 gb-entry-count_5 gwolle_gb_uneven gwolle-gb-uneven\" id=\"gb-entry_12\" data-entry_id=\"12\">\n\t\t\t\t<article>\n\t\t\t\t\t<div class=\"gb-author-info\">\n\t\t\t\t\t\t<span class=\"gb-author-name\">Axelle\n\t\t\t\t\t\t<\/span>\n\t\t\t\t\t\t<span class=\"gb-datetime\">\n\t\t\t\t\t\t\t<span class=\"gb-date\"><span class=\"gb-date-wrote-text\"> wrote on<\/span><span class=\"gb-date-text\"> 1 February 2024<\/span>\n\t\t\t\t\t\t\t<\/span><span class=\"gb-time\">\n\t\t\t\t\t\t\t\t\t<span class=\"gb-time-at-text\"> at<\/span>\n\t\t\t\t\t\t\t\t\t<span class=\"gb-time-text\"> 20 h 00 min<\/span>\n\t\t\t\t\t\t\t\t<\/span>\n\t\t\t\t\t\t<\/span> \n\t\t\t\t\t<\/div>\n\t\t\t\t\t<div class=\"gb-entry-content\">Je recommande la villa Maria enti\u00e8rement r\u00e9nov\u00e9e, et joliment d\u00e9cor\u00e9e, ultra bien \u00e9quip\u00e9e avec tout le confort, de beaux espaces int\u00e9rieurs propices \u00e0 la vie en famille, avec ses 2 terrasses ombrag\u00e9es dont une donnant sur la piscine. Nous avons pass\u00e9 un s\u00e9jour idyllique au calme et en pleine nature. Le village de Besse sur Issole a un charme fou avec ses places, ses fontaines, son cin\u00e9ma, sa brocante au bord de l\u2019\u00e9tang et son march\u00e9. C\u2019est aussi un point de d\u00e9part int\u00e9ressant pour visiter la r\u00e9gion, notamment l\u2019abbaye du Thoronet. A d\u00e9couvrir absolument !\n\t\t\t\t\t<\/div>\n\t\t\t\t<\/article>\n\t\t\t<\/div>\n\t\t\t<div class=\"gb-entry gb-entry_11 gb-entry-count_6 gwolle_gb_even gwolle-gb-even\" id=\"gb-entry_11\" data-entry_id=\"11\">\n\t\t\t\t<article>\n\t\t\t\t\t<div class=\"gb-author-info\">\n\t\t\t\t\t\t<span class=\"gb-author-name\">Vincent et Lucile\n\t\t\t\t\t\t<\/span>\n\t\t\t\t\t\t<span class=\"gb-datetime\">\n\t\t\t\t\t\t\t<span class=\"gb-date\"><span class=\"gb-date-wrote-text\"> wrote on<\/span><span class=\"gb-date-text\"> 9 January 2024<\/span>\n\t\t\t\t\t\t\t<\/span><span class=\"gb-time\">\n\t\t\t\t\t\t\t\t\t<span class=\"gb-time-at-text\"> at<\/span>\n\t\t\t\t\t\t\t\t\t<span class=\"gb-time-text\"> 11 h 54 min<\/span>\n\t\t\t\t\t\t\t\t<\/span>\n\t\t\t\t\t\t<\/span> \n\t\t\t\t\t<\/div>\n\t\t\t\t\t<div class=\"gb-entry-content\">Une merveille au calme dans un \u00e9crin de nature bucolique ! Nous avons pass\u00e9 un magnifique s\u00e9jour d\u00e9but juillet 2023, dans un cadre id\u00e9al pour tout oublier et se reposer. On a appr\u00e9ci\u00e9 la belle piscine et l&#039;espace &#034;commun&#034; pour rencontrer les autres pensionnaires, mais le c\u00f4t\u00e9 retir\u00e9 du gite Lucie qui nous permettait aussi d&#039;avoir un espace privatif. C&#039;\u00e9tait tr\u00e8s convivial et sympa. La village voisin offre un charme ind\u00e9niable et 2-3 bonnes adresses culinaires. Les gites sont aussi tr\u00e8s faciles d&#039;acc\u00e8s par les grands axes et l&#039;autoroute, ce qui nous a permis d&#039;aller d\u00e9couvrir aux alentours les magnifiques parcs, villages, cavistes et quelques plages de la r\u00e9gion. Bref, merci pour ce parfait s\u00e9jour de vacances. On le recommande autour de nous \ud83d\ude09\n\t\t\t\t\t<\/div>\n\t\t\t\t<\/article>\n\t\t\t<\/div>\n\t\t\t<div class=\"gb-entry gb-entry_10 gb-entry-count_7 gwolle_gb_uneven gwolle-gb-uneven\" id=\"gb-entry_10\" data-entry_id=\"10\">\n\t\t\t\t<article>\n\t\t\t\t\t<div class=\"gb-author-info\">\n\t\t\t\t\t\t<span class=\"gb-author-name\">Noterman Natacha\n\t\t\t\t\t\t<\/span>\n\t\t\t\t\t\t<span class=\"gb-datetime\">\n\t\t\t\t\t\t\t<span class=\"gb-date\"><span class=\"gb-date-wrote-text\"> wrote on<\/span><span class=\"gb-date-text\"> 7 January 2024<\/span>\n\t\t\t\t\t\t\t<\/span><span class=\"gb-time\">\n\t\t\t\t\t\t\t\t\t<span class=\"gb-time-at-text\"> at<\/span>\n\t\t\t\t\t\t\t\t\t<span class=\"gb-time-text\"> 12 h 02 min<\/span>\n\t\t\t\t\t\t\t\t<\/span>\n\t\t\t\t\t\t<\/span> \n\t\t\t\t\t<\/div>\n\t\t\t\t\t<div class=\"gb-entry-content\">Nous avons pass\u00e9 un magnifique s\u00e9jour au domaine \u00ab\u00a0Chez Jean de Strivay\u00a0\u00bb en juillet 2022.\r\nNous avions lou\u00e9 les g\u00eetes Lucie et Camille pour nous et nos 2 filles adolescentes. Ils sont parfaitement \u00e9quip\u00e9s et vraiment bien am\u00e9nag\u00e9s, avec un petit plus pour nous: des lits de 160 cm (ce qui n\u2019est pas souvent le cas dans les g\u00eetes de vacances) !\r\nLe domaine se trouve dans une impasse et au calme absolu, un endroit de r\u00eave pour qui veut vraiment se relaxer.\r\nDe plus, il poss\u00e8de un espace piscine magnifique, avec des transats pour pouvoir lire ou se reposer apr\u00e8s s\u2019\u00eatre rafra\u00eechis, ainsi qu\u2019une cuisine d\u2019\u00e9t\u00e9 o\u00f9 la plancha permet de ne pas devoir cuisiner n\u00e9cessairement dans le g\u00eete.\r\nNous avons fait quelques excursions, mais nous en avons surtout profit\u00e9 pour nous reposer, lire, nous baigner, bref nous reposer et nous relaxer apr\u00e8s une ann\u00e9e scolaire bien charg\u00e9e.\r\nPaule et Christian ont fait un travail incroyable pour faire de ce domaine un petit coin de paradis\u2026 et c\u2019est s\u00fbr, nous y retournerons !\n\t\t\t\t\t<\/div>\n\t\t\t\t<\/article>\n\t\t\t<\/div>\n\t\t\t<\/div><\/div>","protected":false},"excerpt":{"rendered":"","protected":false},"author":3,"featured_media":0,"parent":0,"menu_order":0,"comment_status":"closed","ping_status":"closed","template":"","meta":{"footnotes":""},"class_list":["post-978","page","type-page","status-publish","czr-hentry"],"yoast_head":"<!-- This site is optimized with the Yoast SEO plugin v26.9 - https:\/\/yoast.com\/product\/yoast-seo-wordpress\/ -->\n<title>Livre d&#039;Or - Chez Jean de Strivay - Besse Sur Issole<\/title>\n<meta name=\"robots\" content=\"index, follow, max-snippet:-1, max-image-preview:large, max-video-preview:-1\" \/>\n<link rel=\"canonical\" href=\"https:\/\/chezjeandestrivay.com\/en\/livre-dor\/\" \/>\n<meta property=\"og:locale\" content=\"en_GB\" \/>\n<meta property=\"og:type\" content=\"article\" \/>\n<meta property=\"og:title\" content=\"Livre d&#039;Or - Chez Jean de Strivay - Besse Sur Issole\" \/>\n<meta property=\"og:url\" content=\"https:\/\/chezjeandestrivay.com\/en\/livre-dor\/\" \/>\n<meta property=\"og:site_name\" content=\"Chez Jean de Strivay - Besse Sur Issole\" \/>\n<meta property=\"article:publisher\" content=\"https:\/\/www.facebook.com\/people\/Chez-Jean-de-Strivay-locations-de-vacances-dans-le-Var\/100076308900986\/\" \/>\n<meta property=\"article:modified_time\" content=\"2024-01-06T17:17:07+00:00\" \/>\n<meta name=\"twitter:card\" content=\"summary_large_image\" \/>\n<meta name=\"twitter:label1\" content=\"Estimated reading time\" \/>\n\t<meta name=\"twitter:data1\" content=\"1 minute\" \/>\n<script type=\"application\/ld+json\" class=\"yoast-schema-graph\">{\"@context\":\"https:\/\/schema.org\",\"@graph\":[{\"@type\":\"WebPage\",\"@id\":\"https:\/\/chezjeandestrivay.com\/livre-dor\/\",\"url\":\"https:\/\/chezjeandestrivay.com\/livre-dor\/\",\"name\":\"Livre d'Or - Chez Jean de Strivay - Besse Sur Issole\",\"isPartOf\":{\"@id\":\"https:\/\/chezjeandestrivay.com\/#website\"},\"datePublished\":\"2024-01-06T16:43:42+00:00\",\"dateModified\":\"2024-01-06T17:17:07+00:00\",\"breadcrumb\":{\"@id\":\"https:\/\/chezjeandestrivay.com\/livre-dor\/#breadcrumb\"},\"inLanguage\":\"en-GB\",\"potentialAction\":[{\"@type\":\"ReadAction\",\"target\":[\"https:\/\/chezjeandestrivay.com\/livre-dor\/\"]}]},{\"@type\":\"BreadcrumbList\",\"@id\":\"https:\/\/chezjeandestrivay.com\/livre-dor\/#breadcrumb\",\"itemListElement\":[{\"@type\":\"ListItem\",\"position\":1,\"name\":\"Accueil\",\"item\":\"https:\/\/chezjeandestrivay.com\/\"},{\"@type\":\"ListItem\",\"position\":2,\"name\":\"Livre d&#8217;Or\"}]},{\"@type\":\"WebSite\",\"@id\":\"https:\/\/chezjeandestrivay.com\/#website\",\"url\":\"https:\/\/chezjeandestrivay.com\/\",\"name\":\"Chez Jean de Strivay - Besse Sur Issole\",\"description\":\"Provence, calme et nature\",\"publisher\":{\"@id\":\"https:\/\/chezjeandestrivay.com\/#organization\"},\"potentialAction\":[{\"@type\":\"SearchAction\",\"target\":{\"@type\":\"EntryPoint\",\"urlTemplate\":\"https:\/\/chezjeandestrivay.com\/?s={search_term_string}\"},\"query-input\":{\"@type\":\"PropertyValueSpecification\",\"valueRequired\":true,\"valueName\":\"search_term_string\"}}],\"inLanguage\":\"en-GB\"},{\"@type\":\"Organization\",\"@id\":\"https:\/\/chezjeandestrivay.com\/#organization\",\"name\":\"Chez Jean de Strivay - Besse Sur Issole\",\"url\":\"https:\/\/chezjeandestrivay.com\/\",\"logo\":{\"@type\":\"ImageObject\",\"inLanguage\":\"en-GB\",\"@id\":\"https:\/\/chezjeandestrivay.com\/#\/schema\/logo\/image\/\",\"url\":\"https:\/\/chezjeandestrivay.com\/wp-content\/uploads\/2023\/03\/cropped-cropped-cropped-20220426_160332.jpg\",\"contentUrl\":\"https:\/\/chezjeandestrivay.com\/wp-content\/uploads\/2023\/03\/cropped-cropped-cropped-20220426_160332.jpg\",\"width\":512,\"height\":512,\"caption\":\"Chez Jean de Strivay - Besse Sur Issole\"},\"image\":{\"@id\":\"https:\/\/chezjeandestrivay.com\/#\/schema\/logo\/image\/\"},\"sameAs\":[\"https:\/\/www.facebook.com\/people\/Chez-Jean-de-Strivay-locations-de-vacances-dans-le-Var\/100076308900986\/\"]}]}<\/script>\n<!-- \/ Yoast SEO plugin. -->","yoast_head_json":{"title":"Livre d'Or - Chez Jean de Strivay - Besse Sur Issole","robots":{"index":"index","follow":"follow","max-snippet":"max-snippet:-1","max-image-preview":"max-image-preview:large","max-video-preview":"max-video-preview:-1"},"canonical":"https:\/\/chezjeandestrivay.com\/en\/livre-dor\/","og_locale":"en_GB","og_type":"article","og_title":"Livre d'Or - Chez Jean de Strivay - Besse Sur Issole","og_url":"https:\/\/chezjeandestrivay.com\/en\/livre-dor\/","og_site_name":"Chez Jean de Strivay - Besse Sur Issole","article_publisher":"https:\/\/www.facebook.com\/people\/Chez-Jean-de-Strivay-locations-de-vacances-dans-le-Var\/100076308900986\/","article_modified_time":"2024-01-06T17:17:07+00:00","twitter_card":"summary_large_image","twitter_misc":{"Estimated reading time":"1 minute"},"schema":{"@context":"https:\/\/schema.org","@graph":[{"@type":"WebPage","@id":"https:\/\/chezjeandestrivay.com\/livre-dor\/","url":"https:\/\/chezjeandestrivay.com\/livre-dor\/","name":"Livre d'Or - Chez Jean de Strivay - Besse Sur Issole","isPartOf":{"@id":"https:\/\/chezjeandestrivay.com\/#website"},"datePublished":"2024-01-06T16:43:42+00:00","dateModified":"2024-01-06T17:17:07+00:00","breadcrumb":{"@id":"https:\/\/chezjeandestrivay.com\/livre-dor\/#breadcrumb"},"inLanguage":"en-GB","potentialAction":[{"@type":"ReadAction","target":["https:\/\/chezjeandestrivay.com\/livre-dor\/"]}]},{"@type":"BreadcrumbList","@id":"https:\/\/chezjeandestrivay.com\/livre-dor\/#breadcrumb","itemListElement":[{"@type":"ListItem","position":1,"name":"Accueil","item":"https:\/\/chezjeandestrivay.com\/"},{"@type":"ListItem","position":2,"name":"Livre d&#8217;Or"}]},{"@type":"WebSite","@id":"https:\/\/chezjeandestrivay.com\/#website","url":"https:\/\/chezjeandestrivay.com\/","name":"Chez Jean de Strivay - Besse Sur Issole","description":"Provence, calme et nature","publisher":{"@id":"https:\/\/chezjeandestrivay.com\/#organization"},"potentialAction":[{"@type":"SearchAction","target":{"@type":"EntryPoint","urlTemplate":"https:\/\/chezjeandestrivay.com\/?s={search_term_string}"},"query-input":{"@type":"PropertyValueSpecification","valueRequired":true,"valueName":"search_term_string"}}],"inLanguage":"en-GB"},{"@type":"Organization","@id":"https:\/\/chezjeandestrivay.com\/#organization","name":"Chez Jean de Strivay - Besse Sur Issole","url":"https:\/\/chezjeandestrivay.com\/","logo":{"@type":"ImageObject","inLanguage":"en-GB","@id":"https:\/\/chezjeandestrivay.com\/#\/schema\/logo\/image\/","url":"https:\/\/chezjeandestrivay.com\/wp-content\/uploads\/2023\/03\/cropped-cropped-cropped-20220426_160332.jpg","contentUrl":"https:\/\/chezjeandestrivay.com\/wp-content\/uploads\/2023\/03\/cropped-cropped-cropped-20220426_160332.jpg","width":512,"height":512,"caption":"Chez Jean de Strivay - Besse Sur Issole"},"image":{"@id":"https:\/\/chezjeandestrivay.com\/#\/schema\/logo\/image\/"},"sameAs":["https:\/\/www.facebook.com\/people\/Chez-Jean-de-Strivay-locations-de-vacances-dans-le-Var\/100076308900986\/"]}]}},"jetpack_sharing_enabled":true,"_links":{"self":[{"href":"https:\/\/chezjeandestrivay.com\/en\/wp-json\/wp\/v2\/pages\/978","targetHints":{"allow":["GET"]}}],"collection":[{"href":"https:\/\/chezjeandestrivay.com\/en\/wp-json\/wp\/v2\/pages"}],"about":[{"href":"https:\/\/chezjeandestrivay.com\/en\/wp-json\/wp\/v2\/types\/page"}],"author":[{"embeddable":true,"href":"https:\/\/chezjeandestrivay.com\/en\/wp-json\/wp\/v2\/users\/3"}],"replies":[{"embeddable":true,"href":"https:\/\/chezjeandestrivay.com\/en\/wp-json\/wp\/v2\/comments?post=978"}],"version-history":[{"count":3,"href":"https:\/\/chezjeandestrivay.com\/en\/wp-json\/wp\/v2\/pages\/978\/revisions"}],"predecessor-version":[{"id":985,"href":"https:\/\/chezjeandestrivay.com\/en\/wp-json\/wp\/v2\/pages\/978\/revisions\/985"}],"wp:attachment":[{"href":"https:\/\/chezjeandestrivay.com\/en\/wp-json\/wp\/v2\/media?parent=978"}],"curies":[{"name":"wp","href":"https:\/\/api.w.org\/{rel}","templated":true}]}}