{"id":814,"date":"2023-08-01T19:10:52","date_gmt":"2023-08-01T17:10:52","guid":{"rendered":"https:\/\/chezjeandestrivay.com\/?page_id=814"},"modified":"2026-03-03T09:31:43","modified_gmt":"2026-03-03T08:31:43","slug":"elementor-814","status":"publish","type":"page","link":"https:\/\/chezjeandestrivay.com\/en\/elementor-814\/","title":{"rendered":"Book the entire domain"},"content":{"rendered":"<div data-elementor-type=\"wp-post\" data-elementor-id=\"814\" class=\"elementor elementor-814\">\n\t\t\t\t\t\t<section class=\"elementor-section elementor-top-section elementor-element elementor-element-784a647 elementor-section-boxed elementor-section-height-default elementor-section-height-default\" data-id=\"784a647\" data-element_type=\"section\" data-e-type=\"section\">\n\t\t\t\t\t\t<div class=\"elementor-container elementor-column-gap-default\">\n\t\t\t\t\t<div class=\"elementor-column elementor-col-100 elementor-top-column elementor-element elementor-element-eed0212\" data-id=\"eed0212\" data-element_type=\"column\" data-e-type=\"column\">\n\t\t\t<div class=\"elementor-widget-wrap elementor-element-populated\">\n\t\t\t\t\t\t<div class=\"elementor-element elementor-element-6076269 elementor-widget elementor-widget-text-editor\" data-id=\"6076269\" data-element_type=\"widget\" data-e-type=\"widget\" data-widget_type=\"text-editor.default\">\n\t\t\t\t<div class=\"elementor-widget-container\">\n\t\t\t\t\t\t\t\t\t<p>Large family or group of friends, it is possible to reserve the entire estate. You will then be able to enjoy a vacation between you, in private.<\/p>\n<p>Vous jouirez d&rsquo;intimit\u00e9 pour les nuit\u00e9es et d&rsquo;une certaine ind\u00e9pendance puisque nos 4 logements sont totalement ind\u00e9pendants et enti\u00e8rement \u00e9quip\u00e9s sans vis-\u00e0-vis.<\/p>\n<p>Total beds:<\/p>\n<ul>\n<li>4 double beds<\/li>\n<li>5 lit simples<\/li>\n<li>2 sofa bed for 1 person best reserved for a child.<\/li>\n<li>1 lit b\u00e9b\u00e9.<\/li>\n<\/ul>\n<p>Int\u00e9ress\u00e9s ? Envoyez nous un message et nous discuterons d&rsquo;un arrangement.<\/p>\n<p>En 2026, cette option n&rsquo;est disponible que du&nbsp; 4 juillet au 29 aout pour 527 \u20ac\/jour.<\/p>\n<p>A bient\u00f4t<\/p>\t\t\t\t\t\t\t\t<\/div>\n\t\t\t\t<\/div>\n\t\t\t\t\t<\/div>\n\t\t<\/div>\n\t\t\t\t\t<\/div>\n\t\t<\/section>\n\t\t\t\t<section class=\"elementor-section elementor-top-section elementor-element elementor-element-bb3740c elementor-section-boxed elementor-section-height-default elementor-section-height-default\" data-id=\"bb3740c\" data-element_type=\"section\" data-e-type=\"section\">\n\t\t\t\t\t\t<div class=\"elementor-container elementor-column-gap-default\">\n\t\t\t\t\t<div class=\"elementor-column elementor-col-100 elementor-top-column elementor-element elementor-element-4702a64\" data-id=\"4702a64\" data-element_type=\"column\" data-e-type=\"column\">\n\t\t\t<div class=\"elementor-widget-wrap elementor-element-populated\">\n\t\t\t\t\t\t<div class=\"elementor-element elementor-element-7f1fa8a elementor-widget elementor-widget-image\" data-id=\"7f1fa8a\" data-element_type=\"widget\" data-e-type=\"widget\" data-widget_type=\"image.default\">\n\t\t\t\t<div class=\"elementor-widget-container\">\n\t\t\t\t\t\t\t\t\t\t\t\t\t\t\t<img fetchpriority=\"high\" decoding=\"async\" width=\"922\" height=\"601\" src=\"https:\/\/chezjeandestrivay.com\/wp-content\/uploads\/2024\/02\/Plan-du-domaine-e1707334597933.jpg\" class=\"attachment-large size-large wp-image-1044\" alt=\"\" srcset=\"https:\/\/chezjeandestrivay.com\/wp-content\/uploads\/2024\/02\/Plan-du-domaine-e1707334597933.jpg 922w, https:\/\/chezjeandestrivay.com\/wp-content\/uploads\/2024\/02\/Plan-du-domaine-e1707334597933-300x196.jpg 300w, https:\/\/chezjeandestrivay.com\/wp-content\/uploads\/2024\/02\/Plan-du-domaine-e1707334597933-768x501.jpg 768w, https:\/\/chezjeandestrivay.com\/wp-content\/uploads\/2024\/02\/Plan-du-domaine-e1707334597933-18x12.jpg 18w\" sizes=\"(max-width: 922px) 100vw, 922px\" \/>\t\t\t\t\t\t\t\t\t\t\t\t\t\t\t<\/div>\n\t\t\t\t<\/div>\n\t\t\t\t\t<\/div>\n\t\t<\/div>\n\t\t\t\t\t<\/div>\n\t\t<\/section>\n\t\t\t\t<section class=\"elementor-section elementor-top-section elementor-element elementor-element-b7773e3 elementor-section-boxed elementor-section-height-default elementor-section-height-default\" data-id=\"b7773e3\" data-element_type=\"section\" data-e-type=\"section\">\n\t\t\t\t\t\t<div class=\"elementor-container elementor-column-gap-default\">\n\t\t\t\t\t<div class=\"elementor-column elementor-col-100 elementor-top-column elementor-element elementor-element-f80c06f\" data-id=\"f80c06f\" data-element_type=\"column\" data-e-type=\"column\">\n\t\t\t<div class=\"elementor-widget-wrap\">\n\t\t\t\t\t\t\t<\/div>\n\t\t<\/div>\n\t\t\t\t\t<\/div>\n\t\t<\/section>\n\t\t\t\t<section class=\"elementor-section elementor-top-section elementor-element elementor-element-1c7c89f elementor-section-boxed elementor-section-height-default elementor-section-height-default\" data-id=\"1c7c89f\" data-element_type=\"section\" data-e-type=\"section\">\n\t\t\t\t\t\t<div class=\"elementor-container elementor-column-gap-default\">\n\t\t\t\t\t<div class=\"elementor-column elementor-col-100 elementor-top-column elementor-element elementor-element-41bbdf8\" data-id=\"41bbdf8\" data-element_type=\"column\" data-e-type=\"column\">\n\t\t\t<div class=\"elementor-widget-wrap elementor-element-populated\">\n\t\t\t\t\t\t<div class=\"elementor-element elementor-element-f453ec2 elementor-widget elementor-widget-wpforms\" data-id=\"f453ec2\" data-element_type=\"widget\" data-e-type=\"widget\" data-widget_type=\"wpforms.default\">\n\t\t\t\t<div class=\"elementor-widget-container\">\n\t\t\t\t\t<div class=\"wpforms-container wpforms-container-full\" id=\"wpforms-822\"><form id=\"wpforms-form-822\" class=\"wpforms-validate wpforms-form wpforms-ajax-form\" data-formid=\"822\" method=\"post\" enctype=\"multipart\/form-data\" action=\"\/en\/wp-json\/wp\/v2\/pages\/814\" data-token=\"8a32b5e0ac2c0997de01fe5cc25dceb2\" data-token-time=\"1775411988\" data-trp-original-action=\"\/en\/wp-json\/wp\/v2\/pages\/814\"><noscript class=\"wpforms-error-noscript\">Please enable JavaScript in your browser to complete this form.<\/noscript><div class=\"wpforms-field-container\"><div id=\"wpforms-822-field_0-container\" class=\"wpforms-field wpforms-field-name\" data-field-id=\"0\"><label class=\"wpforms-field-label wpforms-label-hide\">Name <span class=\"wpforms-required-label\">*<\/span><\/label><div class=\"wpforms-field-row wpforms-field-small\"><div class=\"wpforms-field-row-block wpforms-first wpforms-one-half\"><input type=\"text\" id=\"wpforms-822-field_0\" class=\"wpforms-field-name-first wpforms-field-required\" name=\"wpforms[fields][0][first]\" required><label for=\"wpforms-822-field_0\" class=\"wpforms-field-sublabel after\">First<\/label><\/div><div class=\"wpforms-field-row-block wpforms-one-half\"><input type=\"text\" id=\"wpforms-822-field_0-last\" class=\"wpforms-field-name-last wpforms-field-required\" name=\"wpforms[fields][0][last]\" required><label for=\"wpforms-822-field_0-last\" class=\"wpforms-field-sublabel after\">Last<\/label><\/div><\/div><\/div><div id=\"wpforms-822-field_1-container\" class=\"wpforms-field wpforms-field-email\" data-field-id=\"1\"><label class=\"wpforms-field-label\" for=\"wpforms-822-field_1\">E-mail <span class=\"wpforms-required-label\">*<\/span><\/label><input type=\"email\" id=\"wpforms-822-field_1\" class=\"wpforms-field-medium wpforms-field-required\" name=\"wpforms[fields][1]\" spellcheck=\"false\" required><\/div><div id=\"wpforms-822-field_3-container\" class=\"wpforms-field wpforms-field-select wpforms-field-select-style-classic\" data-field-id=\"3\"><label class=\"wpforms-field-label\" for=\"wpforms-822-field_3\">Number of people <span class=\"wpforms-required-label\">*<\/span><\/label><select id=\"wpforms-822-field_3\" class=\"wpforms-field-small wpforms-field-required\" name=\"wpforms[fields][3]\" required=\"required\"><option value=\"1\"  class=\"choice-1 depth-1\"  >1<\/option><option value=\"2\"  class=\"choice-2 depth-1\"  >2<\/option><option value=\"3\"  class=\"choice-3 depth-1\"  >3<\/option><option value=\"4\"  class=\"choice-8 depth-1\"  >4<\/option><option value=\"5\"  class=\"choice-7 depth-1\"  >5<\/option><option value=\"6\"  class=\"choice-6 depth-1\"  >6<\/option><option value=\"7\"  class=\"choice-5 depth-1\"  >7<\/option><option value=\"8\"  class=\"choice-4 depth-1\"  >8<\/option><option value=\"9\"  class=\"choice-12 depth-1\"  >9<\/option><option value=\"10\"  class=\"choice-11 depth-1\"  >10<\/option><option value=\"11\"  class=\"choice-10 depth-1\"  >11<\/option><option value=\"12\"  class=\"choice-9 depth-1\"  >12<\/option><option value=\"13\"  class=\"choice-15 depth-1\"  >13<\/option><option value=\"14\"  class=\"choice-14 depth-1\"  >14<\/option><option value=\"15\"  class=\"choice-13 depth-1\"  >15<\/option><\/select><\/div><div id=\"wpforms-822-field_2-container\" class=\"wpforms-field wpforms-field-textarea\" data-field-id=\"2\"><label class=\"wpforms-field-label\" for=\"wpforms-822-field_2\">Message <span class=\"wpforms-required-label\">*<\/span><\/label><textarea id=\"wpforms-822-field_2\" class=\"wpforms-field-medium wpforms-field-required\" name=\"wpforms[fields][2]\" required><\/textarea><\/div><\/div><!-- .wpforms-field-container --><div class=\"wpforms-recaptcha-container wpforms-is-recaptcha wpforms-is-recaptcha-type-v2\" ><div class=\"g-recaptcha\" data-sitekey=\"6LfB9zQpAAAAAOyg4rjzzBnl458LQKyMDTwTGOOj\"><\/div><input type=\"text\" name=\"g-recaptcha-hidden\" class=\"wpforms-recaptcha-hidden\" style=\"position:absolute!important;clip:rect(0,0,0,0)!important;height:1px!important;width:1px!important;border:0!important;overflow:hidden!important;padding:0!important;margin:0!important;\" data-rule-recaptcha=\"1\"><\/div><div class=\"wpforms-submit-container\" ><input type=\"hidden\" name=\"wpforms[id]\" value=\"822\"><input type=\"hidden\" name=\"page_title\" value=\"\"><input type=\"hidden\" name=\"page_url\" value=\"https:\/\/chezjeandestrivay.com\/en\/wp-json\/wp\/v2\/pages\/814\"><input type=\"hidden\" name=\"url_referer\" value=\"\"><button type=\"submit\" name=\"wpforms[submit]\" id=\"wpforms-submit-822\" class=\"wpforms-submit\" data-alt-text=\"Envoi...\" data-submit-text=\"Envoyer\" aria-live=\"assertive\" value=\"wpforms-submit\">Send<\/button><img decoding=\"async\" src=\"https:\/\/chezjeandestrivay.com\/wp-content\/plugins\/wpforms-lite\/assets\/images\/submit-spin.svg\" class=\"wpforms-submit-spinner\" style=\"display: none;\" width=\"26\" height=\"26\" alt=\"Loading\"><\/div><input type=\"hidden\" name=\"trp-form-language\" value=\"en\"\/><\/form><\/div>  <!-- .wpforms-container -->\t\t\t\t<\/div>\n\t\t\t\t<\/div>\n\t\t\t\t\t<\/div>\n\t\t<\/div>\n\t\t\t\t\t<\/div>\n\t\t<\/section>\n\t\t\t\t<section class=\"elementor-section elementor-top-section elementor-element elementor-element-b751de4 elementor-section-boxed elementor-section-height-default elementor-section-height-default\" data-id=\"b751de4\" data-element_type=\"section\" data-e-type=\"section\">\n\t\t\t\t\t\t<div class=\"elementor-container elementor-column-gap-default\">\n\t\t\t\t\t<div class=\"elementor-column elementor-col-100 elementor-top-column elementor-element elementor-element-9064b0b\" data-id=\"9064b0b\" data-element_type=\"column\" data-e-type=\"column\">\n\t\t\t<div class=\"elementor-widget-wrap elementor-element-populated\">\n\t\t\t\t\t\t<div class=\"elementor-element elementor-element-ecfeca2 elementor-widget elementor-widget-text-editor\" data-id=\"ecfeca2\" data-element_type=\"widget\" data-e-type=\"widget\" data-widget_type=\"text-editor.default\">\n\t\t\t\t<div class=\"elementor-widget-container\">\n\t\t\t\t\t\t\t\t\t<p><span style=\"font-weight: bold; font-size: 16.896px;\">You can consult our prices\u00a0<a href=\"https:\/\/chezjeandestrivay.com\/en\/elementor-475\/\">here<\/a>.<\/span><\/p>\t\t\t\t\t\t\t\t<\/div>\n\t\t\t\t<\/div>\n\t\t\t\t\t<\/div>\n\t\t<\/div>\n\t\t\t\t\t<\/div>\n\t\t<\/section>\n\t\t\t\t<\/div>","protected":false},"excerpt":{"rendered":"<p>Grande famille ou groupe d&rsquo;amis, il est possible de r\u00e9server le domaine entier. Vous pourrez alors profiter de vacances entre vous, en privatif. Vous jouirez d&rsquo;intimit\u00e9 pour les nuit\u00e9es et d&rsquo;une certaine ind\u00e9pendance puisque nos 4 logements sont totalement ind\u00e9pendants et enti\u00e8rement \u00e9quip\u00e9s sans vis-\u00e0-vis. Total couchages : 4 lits doubles 5 lit simples 2 [&hellip;]<\/p>","protected":false},"author":3,"featured_media":0,"parent":0,"menu_order":0,"comment_status":"closed","ping_status":"closed","template":"","meta":{"footnotes":""},"class_list":["post-814","page","type-page","status-publish","czr-hentry"],"yoast_head":"<!-- This site is optimized with the Yoast SEO plugin v26.9 - https:\/\/yoast.com\/product\/yoast-seo-wordpress\/ -->\n<title>R\u00e9server le domaine entier - Chez Jean de Strivay - Besse Sur Issole<\/title>\n<meta name=\"description\" content=\"location de g\u00eetes en Provence, Var\" \/>\n<meta name=\"robots\" content=\"index, follow, max-snippet:-1, max-image-preview:large, max-video-preview:-1\" \/>\n<link rel=\"canonical\" href=\"https:\/\/chezjeandestrivay.com\/en\/elementor-814\/\" \/>\n<meta property=\"og:locale\" content=\"en_GB\" \/>\n<meta property=\"og:type\" content=\"article\" \/>\n<meta property=\"og:title\" content=\"R\u00e9server le domaine entier - Chez Jean de Strivay - Besse Sur Issole\" \/>\n<meta property=\"og:description\" content=\"location de g\u00eetes en Provence, Var\" \/>\n<meta property=\"og:url\" content=\"https:\/\/chezjeandestrivay.com\/en\/elementor-814\/\" \/>\n<meta property=\"og:site_name\" content=\"Chez Jean de Strivay - Besse Sur Issole\" \/>\n<meta property=\"article:publisher\" content=\"https:\/\/www.facebook.com\/people\/Chez-Jean-de-Strivay-locations-de-vacances-dans-le-Var\/100076308900986\/\" \/>\n<meta property=\"article:modified_time\" content=\"2026-03-03T08:31:43+00:00\" \/>\n<meta property=\"og:image\" content=\"https:\/\/chezjeandestrivay.com\/wp-content\/uploads\/2024\/02\/Plan-du-domaine-e1707334597933.jpg\" \/>\n\t<meta property=\"og:image:width\" content=\"922\" \/>\n\t<meta property=\"og:image:height\" content=\"601\" \/>\n\t<meta property=\"og:image:type\" content=\"image\/jpeg\" \/>\n<meta name=\"twitter:card\" content=\"summary_large_image\" \/>\n<meta name=\"twitter:label1\" content=\"Estimated reading time\" \/>\n\t<meta name=\"twitter:data1\" content=\"1 minute\" \/>\n<script type=\"application\/ld+json\" class=\"yoast-schema-graph\">{\"@context\":\"https:\/\/schema.org\",\"@graph\":[{\"@type\":\"WebPage\",\"@id\":\"https:\/\/chezjeandestrivay.com\/elementor-814\/\",\"url\":\"https:\/\/chezjeandestrivay.com\/elementor-814\/\",\"name\":\"R\u00e9server le domaine entier - Chez Jean de Strivay - Besse Sur Issole\",\"isPartOf\":{\"@id\":\"https:\/\/chezjeandestrivay.com\/#website\"},\"primaryImageOfPage\":{\"@id\":\"https:\/\/chezjeandestrivay.com\/elementor-814\/#primaryimage\"},\"image\":{\"@id\":\"https:\/\/chezjeandestrivay.com\/elementor-814\/#primaryimage\"},\"thumbnailUrl\":\"https:\/\/chezjeandestrivay.com\/wp-content\/uploads\/2024\/02\/Plan-du-domaine-e1707334597933.jpg\",\"datePublished\":\"2023-08-01T17:10:52+00:00\",\"dateModified\":\"2026-03-03T08:31:43+00:00\",\"description\":\"location de g\u00eetes en Provence, Var\",\"breadcrumb\":{\"@id\":\"https:\/\/chezjeandestrivay.com\/elementor-814\/#breadcrumb\"},\"inLanguage\":\"en-GB\",\"potentialAction\":[{\"@type\":\"ReadAction\",\"target\":[\"https:\/\/chezjeandestrivay.com\/elementor-814\/\"]}]},{\"@type\":\"ImageObject\",\"inLanguage\":\"en-GB\",\"@id\":\"https:\/\/chezjeandestrivay.com\/elementor-814\/#primaryimage\",\"url\":\"https:\/\/chezjeandestrivay.com\/wp-content\/uploads\/2024\/02\/Plan-du-domaine-e1707334597933.jpg\",\"contentUrl\":\"https:\/\/chezjeandestrivay.com\/wp-content\/uploads\/2024\/02\/Plan-du-domaine-e1707334597933.jpg\"},{\"@type\":\"BreadcrumbList\",\"@id\":\"https:\/\/chezjeandestrivay.com\/elementor-814\/#breadcrumb\",\"itemListElement\":[{\"@type\":\"ListItem\",\"position\":1,\"name\":\"Accueil\",\"item\":\"https:\/\/chezjeandestrivay.com\/\"},{\"@type\":\"ListItem\",\"position\":2,\"name\":\"R\u00e9server le domaine entier\"}]},{\"@type\":\"WebSite\",\"@id\":\"https:\/\/chezjeandestrivay.com\/#website\",\"url\":\"https:\/\/chezjeandestrivay.com\/\",\"name\":\"Chez Jean de Strivay - Besse Sur Issole\",\"description\":\"Provence, calme et nature\",\"publisher\":{\"@id\":\"https:\/\/chezjeandestrivay.com\/#organization\"},\"potentialAction\":[{\"@type\":\"SearchAction\",\"target\":{\"@type\":\"EntryPoint\",\"urlTemplate\":\"https:\/\/chezjeandestrivay.com\/?s={search_term_string}\"},\"query-input\":{\"@type\":\"PropertyValueSpecification\",\"valueRequired\":true,\"valueName\":\"search_term_string\"}}],\"inLanguage\":\"en-GB\"},{\"@type\":\"Organization\",\"@id\":\"https:\/\/chezjeandestrivay.com\/#organization\",\"name\":\"Chez Jean de Strivay - Besse Sur Issole\",\"url\":\"https:\/\/chezjeandestrivay.com\/\",\"logo\":{\"@type\":\"ImageObject\",\"inLanguage\":\"en-GB\",\"@id\":\"https:\/\/chezjeandestrivay.com\/#\/schema\/logo\/image\/\",\"url\":\"https:\/\/chezjeandestrivay.com\/wp-content\/uploads\/2023\/03\/cropped-cropped-cropped-20220426_160332.jpg\",\"contentUrl\":\"https:\/\/chezjeandestrivay.com\/wp-content\/uploads\/2023\/03\/cropped-cropped-cropped-20220426_160332.jpg\",\"width\":512,\"height\":512,\"caption\":\"Chez Jean de Strivay - Besse Sur Issole\"},\"image\":{\"@id\":\"https:\/\/chezjeandestrivay.com\/#\/schema\/logo\/image\/\"},\"sameAs\":[\"https:\/\/www.facebook.com\/people\/Chez-Jean-de-Strivay-locations-de-vacances-dans-le-Var\/100076308900986\/\"]}]}<\/script>\n<!-- \/ Yoast SEO plugin. -->","yoast_head_json":{"title":"R\u00e9server le domaine entier - Chez Jean de Strivay - Besse Sur Issole","description":"location de g\u00eetes en Provence, Var","robots":{"index":"index","follow":"follow","max-snippet":"max-snippet:-1","max-image-preview":"max-image-preview:large","max-video-preview":"max-video-preview:-1"},"canonical":"https:\/\/chezjeandestrivay.com\/en\/elementor-814\/","og_locale":"en_GB","og_type":"article","og_title":"R\u00e9server le domaine entier - Chez Jean de Strivay - Besse Sur Issole","og_description":"location de g\u00eetes en Provence, Var","og_url":"https:\/\/chezjeandestrivay.com\/en\/elementor-814\/","og_site_name":"Chez Jean de Strivay - Besse Sur Issole","article_publisher":"https:\/\/www.facebook.com\/people\/Chez-Jean-de-Strivay-locations-de-vacances-dans-le-Var\/100076308900986\/","article_modified_time":"2026-03-03T08:31:43+00:00","og_image":[{"width":922,"height":601,"url":"https:\/\/chezjeandestrivay.com\/wp-content\/uploads\/2024\/02\/Plan-du-domaine-e1707334597933.jpg","type":"image\/jpeg"}],"twitter_card":"summary_large_image","twitter_misc":{"Estimated reading time":"1 minute"},"schema":{"@context":"https:\/\/schema.org","@graph":[{"@type":"WebPage","@id":"https:\/\/chezjeandestrivay.com\/elementor-814\/","url":"https:\/\/chezjeandestrivay.com\/elementor-814\/","name":"R\u00e9server le domaine entier - Chez Jean de Strivay - Besse Sur Issole","isPartOf":{"@id":"https:\/\/chezjeandestrivay.com\/#website"},"primaryImageOfPage":{"@id":"https:\/\/chezjeandestrivay.com\/elementor-814\/#primaryimage"},"image":{"@id":"https:\/\/chezjeandestrivay.com\/elementor-814\/#primaryimage"},"thumbnailUrl":"https:\/\/chezjeandestrivay.com\/wp-content\/uploads\/2024\/02\/Plan-du-domaine-e1707334597933.jpg","datePublished":"2023-08-01T17:10:52+00:00","dateModified":"2026-03-03T08:31:43+00:00","description":"location de g\u00eetes en Provence, Var","breadcrumb":{"@id":"https:\/\/chezjeandestrivay.com\/elementor-814\/#breadcrumb"},"inLanguage":"en-GB","potentialAction":[{"@type":"ReadAction","target":["https:\/\/chezjeandestrivay.com\/elementor-814\/"]}]},{"@type":"ImageObject","inLanguage":"en-GB","@id":"https:\/\/chezjeandestrivay.com\/elementor-814\/#primaryimage","url":"https:\/\/chezjeandestrivay.com\/wp-content\/uploads\/2024\/02\/Plan-du-domaine-e1707334597933.jpg","contentUrl":"https:\/\/chezjeandestrivay.com\/wp-content\/uploads\/2024\/02\/Plan-du-domaine-e1707334597933.jpg"},{"@type":"BreadcrumbList","@id":"https:\/\/chezjeandestrivay.com\/elementor-814\/#breadcrumb","itemListElement":[{"@type":"ListItem","position":1,"name":"Accueil","item":"https:\/\/chezjeandestrivay.com\/"},{"@type":"ListItem","position":2,"name":"R\u00e9server le domaine entier"}]},{"@type":"WebSite","@id":"https:\/\/chezjeandestrivay.com\/#website","url":"https:\/\/chezjeandestrivay.com\/","name":"Chez Jean de Strivay - Besse Sur Issole","description":"Provence, calme et nature","publisher":{"@id":"https:\/\/chezjeandestrivay.com\/#organization"},"potentialAction":[{"@type":"SearchAction","target":{"@type":"EntryPoint","urlTemplate":"https:\/\/chezjeandestrivay.com\/?s={search_term_string}"},"query-input":{"@type":"PropertyValueSpecification","valueRequired":true,"valueName":"search_term_string"}}],"inLanguage":"en-GB"},{"@type":"Organization","@id":"https:\/\/chezjeandestrivay.com\/#organization","name":"Chez Jean de Strivay - Besse Sur Issole","url":"https:\/\/chezjeandestrivay.com\/","logo":{"@type":"ImageObject","inLanguage":"en-GB","@id":"https:\/\/chezjeandestrivay.com\/#\/schema\/logo\/image\/","url":"https:\/\/chezjeandestrivay.com\/wp-content\/uploads\/2023\/03\/cropped-cropped-cropped-20220426_160332.jpg","contentUrl":"https:\/\/chezjeandestrivay.com\/wp-content\/uploads\/2023\/03\/cropped-cropped-cropped-20220426_160332.jpg","width":512,"height":512,"caption":"Chez Jean de Strivay - Besse Sur Issole"},"image":{"@id":"https:\/\/chezjeandestrivay.com\/#\/schema\/logo\/image\/"},"sameAs":["https:\/\/www.facebook.com\/people\/Chez-Jean-de-Strivay-locations-de-vacances-dans-le-Var\/100076308900986\/"]}]}},"jetpack_sharing_enabled":true,"_links":{"self":[{"href":"https:\/\/chezjeandestrivay.com\/en\/wp-json\/wp\/v2\/pages\/814","targetHints":{"allow":["GET"]}}],"collection":[{"href":"https:\/\/chezjeandestrivay.com\/en\/wp-json\/wp\/v2\/pages"}],"about":[{"href":"https:\/\/chezjeandestrivay.com\/en\/wp-json\/wp\/v2\/types\/page"}],"author":[{"embeddable":true,"href":"https:\/\/chezjeandestrivay.com\/en\/wp-json\/wp\/v2\/users\/3"}],"replies":[{"embeddable":true,"href":"https:\/\/chezjeandestrivay.com\/en\/wp-json\/wp\/v2\/comments?post=814"}],"version-history":[{"count":36,"href":"https:\/\/chezjeandestrivay.com\/en\/wp-json\/wp\/v2\/pages\/814\/revisions"}],"predecessor-version":[{"id":1349,"href":"https:\/\/chezjeandestrivay.com\/en\/wp-json\/wp\/v2\/pages\/814\/revisions\/1349"}],"wp:attachment":[{"href":"https:\/\/chezjeandestrivay.com\/en\/wp-json\/wp\/v2\/media?parent=814"}],"curies":[{"name":"wp","href":"https:\/\/api.w.org\/{rel}","templated":true}]}}