{"id":72,"date":"2023-02-06T13:19:18","date_gmt":"2023-02-06T12:19:18","guid":{"rendered":"http:\/\/localhost:8022\/locationmaison\/?page_id=72"},"modified":"2026-02-19T17:27:58","modified_gmt":"2026-02-19T16:27:58","slug":"qui-somme-nous","status":"publish","type":"page","link":"https:\/\/chezjeandestrivay.com\/en\/qui-somme-nous\/","title":{"rendered":"Who are we? \/ Contact"},"content":{"rendered":"<div data-elementor-type=\"wp-page\" data-elementor-id=\"72\" class=\"elementor elementor-72\">\n\t\t\t\t\t\t<section class=\"elementor-section elementor-top-section elementor-element elementor-element-a6d5d52 elementor-section-boxed elementor-section-height-default elementor-section-height-default\" data-id=\"a6d5d52\" data-element_type=\"section\" data-e-type=\"section\">\n\t\t\t\t\t\t<div class=\"elementor-container elementor-column-gap-default\">\n\t\t\t\t\t<div class=\"elementor-column elementor-col-50 elementor-top-column elementor-element elementor-element-42f3863\" data-id=\"42f3863\" data-element_type=\"column\" data-e-type=\"column\">\n\t\t\t<div class=\"elementor-widget-wrap elementor-element-populated\">\n\t\t\t\t\t\t<div class=\"elementor-element elementor-element-9f20030 elementor-widget elementor-widget-text-editor\" data-id=\"9f20030\" data-element_type=\"widget\" data-e-type=\"widget\" data-widget_type=\"text-editor.default\">\n\t\t\t\t<div class=\"elementor-widget-container\">\n\t\t\t\t\t\t\t\t\t<p>Dear visitor, first of all, let us thank you for your interest in the Jean de Strivay estate<\/p><p>We would like to introduce ourselves in a few words.<\/p><p>We are Paule and Christian. We live in Belgium, in the Li\u00e8ge region.<\/p><p>\u00a0In 2019, although it was in an advanced state of abandonment, we were won over by this property, particularly because of the environment and the serenity that surrounds it. We acquired it without really imagining the efforts we would have to make to finally be able to welcome you there. After 3 years spent juggling our professional occupations and the work to be done here in Besse, our three lodges are finally ready.<\/p><p>\u00a0<\/p>\t\t\t\t\t\t\t\t<\/div>\n\t\t\t\t<\/div>\n\t\t\t\t\t<\/div>\n\t\t<\/div>\n\t\t\t\t<div class=\"elementor-column elementor-col-50 elementor-top-column elementor-element elementor-element-a8ddf47\" data-id=\"a8ddf47\" data-element_type=\"column\" data-e-type=\"column\">\n\t\t\t<div class=\"elementor-widget-wrap elementor-element-populated\">\n\t\t\t\t\t\t<div class=\"elementor-element elementor-element-d8dd574 elementor-widget elementor-widget-image\" data-id=\"d8dd574\" data-element_type=\"widget\" data-e-type=\"widget\" data-widget_type=\"image.default\">\n\t\t\t\t<div class=\"elementor-widget-container\">\n\t\t\t\t\t\t\t\t\t\t\t\t\t\t\t<img decoding=\"async\" src=\"https:\/\/chezjeandestrivay.com\/wp-content\/uploads\/elementor\/thumbs\/Proprietaires-q8clt8mmzzgi7zq1bjoa8j7ird2fs6o1caourw21rc.jpg\" title=\"Propri\u00e9taires\" alt=\"Propri\u00e9taires\" loading=\"lazy\" \/>\t\t\t\t\t\t\t\t\t\t\t\t\t\t\t<\/div>\n\t\t\t\t<\/div>\n\t\t\t\t\t<\/div>\n\t\t<\/div>\n\t\t\t\t\t<\/div>\n\t\t<\/section>\n\t\t\t\t<section class=\"elementor-section elementor-top-section elementor-element elementor-element-70276c5a elementor-section-boxed elementor-section-height-default elementor-section-height-default\" data-id=\"70276c5a\" data-element_type=\"section\" data-e-type=\"section\">\n\t\t\t\t\t\t<div class=\"elementor-container elementor-column-gap-default\">\n\t\t\t\t\t<div class=\"elementor-column elementor-col-100 elementor-top-column elementor-element elementor-element-3995c7b8\" data-id=\"3995c7b8\" data-element_type=\"column\" data-e-type=\"column\">\n\t\t\t<div class=\"elementor-widget-wrap elementor-element-populated\">\n\t\t\t\t\t\t<div class=\"elementor-element elementor-element-63510bc4 elementor-widget elementor-widget-text-editor\" data-id=\"63510bc4\" data-element_type=\"widget\" data-e-type=\"widget\" data-widget_type=\"text-editor.default\">\n\t\t\t\t<div class=\"elementor-widget-container\">\n\t\t\t\t\t\t\t\t\t<p>Why \u201cJean de Strivay\u201d? Jean was Paule's dad. He was a well-known figure in the small hamlet of Strivay (municipality of Plainevaux, on the outskirts of Li\u00e8ge). He was a very enterprising man with admirable courage. After a life entirely devoted to his work as a traditional roofer\/slate worker, he died in 2010 from an occupational illness. This lodging project is certainly one of the things he would have wanted us to do with what he left us. Always create and move forward, never resting on what you have learned was his credo.<\/p>\n<p>In his honor, the estate bears his name and each accommodation bears that of one of our mothers or grandmothers.<\/p>\n<p class=\"MsoNormal\">En raison de nos obligations professionnelles en Belgique, nous confions l\u2019accueil et l\u2019entretien du domaine \u00e0 Manon, notre concierge. Elle veillera \u00e0 ce que votre s\u00e9jour se d\u00e9roule au mieux.<\/p>\n<p>You can contact us personally by email using the contact form below. We will also be happy to provide you with information by phone if necessary. Christian will gladly answer any questions you may have on +33 6 01 80 93 36.<\/p>\n<p>A tr\u00e8s bient\u00f4t&nbsp;!<\/p>\n<p>Paule and Christian<\/p>\n<p><strong>Num\u00e9ro SIREN: 921396636<\/strong><\/p>\t\t\t\t\t\t\t\t<\/div>\n\t\t\t\t<\/div>\n\t\t\t\t\t<\/div>\n\t\t<\/div>\n\t\t\t\t\t<\/div>\n\t\t<\/section>\n\t\t\t\t<section class=\"elementor-section elementor-top-section elementor-element elementor-element-7390344 elementor-section-boxed elementor-section-height-default elementor-section-height-default\" data-id=\"7390344\" data-element_type=\"section\" data-e-type=\"section\">\n\t\t\t\t\t\t<div class=\"elementor-container elementor-column-gap-default\">\n\t\t\t\t\t<div class=\"elementor-column elementor-col-100 elementor-top-column elementor-element elementor-element-9ef1539\" data-id=\"9ef1539\" data-element_type=\"column\" data-e-type=\"column\">\n\t\t\t<div class=\"elementor-widget-wrap elementor-element-populated\">\n\t\t\t\t\t\t<div class=\"elementor-element elementor-element-e4eab62 elementor-widget elementor-widget-wpforms\" data-id=\"e4eab62\" data-element_type=\"widget\" data-e-type=\"widget\" data-widget_type=\"wpforms.default\">\n\t\t\t\t<div class=\"elementor-widget-container\">\n\t\t\t\t\t<div class=\"wpforms-container wpforms-container-full\" id=\"wpforms-89\"><form id=\"wpforms-form-89\" class=\"wpforms-validate wpforms-form wpforms-ajax-form\" data-formid=\"89\" method=\"post\" enctype=\"multipart\/form-data\" action=\"\/en\/wp-json\/wp\/v2\/pages\/72\" data-token=\"eeaa071f402fb8bce3dd0422edbd50ee\" data-token-time=\"1775389235\" data-trp-original-action=\"\/en\/wp-json\/wp\/v2\/pages\/72\"><div class=\"wpforms-head-container\"><div class=\"wpforms-title\">Contact form<\/div><\/div><noscript class=\"wpforms-error-noscript\">Please enable JavaScript in your browser to complete this form.<\/noscript><div class=\"wpforms-field-container\"><div id=\"wpforms-89-field_0-container\" class=\"wpforms-field wpforms-field-name\" data-field-id=\"0\"><label class=\"wpforms-field-label\">Name <span class=\"wpforms-required-label\">*<\/span><\/label><div class=\"wpforms-field-row wpforms-field-medium\"><div class=\"wpforms-field-row-block wpforms-first wpforms-one-half\"><input type=\"text\" id=\"wpforms-89-field_0\" class=\"wpforms-field-name-first wpforms-field-required\" name=\"wpforms[fields][0][first]\" required><label for=\"wpforms-89-field_0\" class=\"wpforms-field-sublabel after\">First<\/label><\/div><div class=\"wpforms-field-row-block wpforms-one-half\"><input type=\"text\" id=\"wpforms-89-field_0-last\" class=\"wpforms-field-name-last wpforms-field-required\" name=\"wpforms[fields][0][last]\" required><label for=\"wpforms-89-field_0-last\" class=\"wpforms-field-sublabel after\">Last<\/label><\/div><\/div><\/div><div id=\"wpforms-89-field_1-container\" class=\"wpforms-field wpforms-field-email\" data-field-id=\"1\"><label class=\"wpforms-field-label\" for=\"wpforms-89-field_1\">E-mail <span class=\"wpforms-required-label\">*<\/span><\/label><input type=\"email\" id=\"wpforms-89-field_1\" class=\"wpforms-field-medium wpforms-field-required\" name=\"wpforms[fields][1]\" spellcheck=\"false\" required><\/div><div id=\"wpforms-89-field_3-container\" class=\"wpforms-field wpforms-field-text\" data-field-id=\"3\"><label class=\"wpforms-field-label\" for=\"wpforms-89-field_3\">T\u00e9l\u00e9phone <span class=\"wpforms-required-label\">*<\/span><\/label><input type=\"text\" id=\"wpforms-89-field_3\" class=\"wpforms-field-small wpforms-field-required\" name=\"wpforms[fields][3]\" required><\/div><div id=\"wpforms-89-field_2-container\" class=\"wpforms-field wpforms-field-textarea\" data-field-id=\"2\"><label class=\"wpforms-field-label\" for=\"wpforms-89-field_2\">Comment or message <span class=\"wpforms-required-label\">*<\/span><\/label><textarea id=\"wpforms-89-field_2\" class=\"wpforms-field-medium wpforms-field-required\" name=\"wpforms[fields][2]\" required><\/textarea><\/div><\/div><!-- .wpforms-field-container --><div class=\"wpforms-recaptcha-container wpforms-is-recaptcha wpforms-is-recaptcha-type-v2\" ><div class=\"g-recaptcha\" data-sitekey=\"6LfB9zQpAAAAAOyg4rjzzBnl458LQKyMDTwTGOOj\"><\/div><input type=\"text\" name=\"g-recaptcha-hidden\" class=\"wpforms-recaptcha-hidden\" style=\"position:absolute!important;clip:rect(0,0,0,0)!important;height:1px!important;width:1px!important;border:0!important;overflow:hidden!important;padding:0!important;margin:0!important;\" data-rule-recaptcha=\"1\"><\/div><div class=\"wpforms-submit-container\" ><input type=\"hidden\" name=\"wpforms[id]\" value=\"89\"><input type=\"hidden\" name=\"page_title\" value=\"\"><input type=\"hidden\" name=\"page_url\" value=\"https:\/\/chezjeandestrivay.com\/en\/wp-json\/wp\/v2\/pages\/72\"><input type=\"hidden\" name=\"url_referer\" value=\"\"><button type=\"submit\" name=\"wpforms[submit]\" id=\"wpforms-submit-89\" class=\"wpforms-submit\" data-alt-text=\"Envoi...\" data-submit-text=\"Envoyer\" aria-live=\"assertive\" value=\"wpforms-submit\">Send<\/button><img decoding=\"async\" src=\"https:\/\/chezjeandestrivay.com\/wp-content\/plugins\/wpforms-lite\/assets\/images\/submit-spin.svg\" class=\"wpforms-submit-spinner\" style=\"display: none;\" width=\"26\" height=\"26\" alt=\"Loading\"><\/div><input type=\"hidden\" name=\"trp-form-language\" value=\"en\"\/><\/form><\/div>  <!-- .wpforms-container -->\t\t\t\t<\/div>\n\t\t\t\t<\/div>\n\t\t\t\t\t<\/div>\n\t\t<\/div>\n\t\t\t\t\t<\/div>\n\t\t<\/section>\n\t\t\t\t<section class=\"elementor-section elementor-top-section elementor-element elementor-element-de66084 elementor-section-boxed elementor-section-height-default elementor-section-height-default\" data-id=\"de66084\" data-element_type=\"section\" data-e-type=\"section\">\n\t\t\t\t\t\t<div class=\"elementor-container elementor-column-gap-default\">\n\t\t\t\t\t<div class=\"elementor-column elementor-col-100 elementor-top-column elementor-element elementor-element-10bf43f\" data-id=\"10bf43f\" data-element_type=\"column\" data-e-type=\"column\">\n\t\t\t<div class=\"elementor-widget-wrap elementor-element-populated\">\n\t\t\t\t\t\t<div class=\"elementor-element elementor-element-3f03ac9 elementor-widget elementor-widget-text-editor\" data-id=\"3f03ac9\" data-element_type=\"widget\" data-e-type=\"widget\" data-widget_type=\"text-editor.default\">\n\t\t\t\t<div class=\"elementor-widget-container\">\n\t\t\t\t\t\t\t\t\t<p>You can consult our prices <a href=\"https:\/\/chezjeandestrivay.com\/en\/elementor-475\/\">here<\/a>.<\/p>\t\t\t\t\t\t\t\t<\/div>\n\t\t\t\t<\/div>\n\t\t\t\t\t<\/div>\n\t\t<\/div>\n\t\t\t\t\t<\/div>\n\t\t<\/section>\n\t\t\t\t<\/div>","protected":false},"excerpt":{"rendered":"<p>Chers visiteur, tout d\u2019abord, laissez nous vous remercier pour l\u2019int\u00e9r\u00eat que vous portez au domaine Jean de Strivay. Nous voudrions nous pr\u00e9senter en quelques mots. Nous sommes Paule et Christian. Nous habitons en Belgique, en r\u00e9gion li\u00e9geoise. \u00a0En 2019, bien qu\u2019elle se trouvait dans un \u00e9tat d\u2019abandon avanc\u00e9, nous avons \u00e9t\u00e9 conquis par cette propri\u00e9t\u00e9, [&hellip;]<\/p>","protected":false},"author":1,"featured_media":0,"parent":0,"menu_order":0,"comment_status":"closed","ping_status":"closed","template":"","meta":{"footnotes":""},"class_list":["post-72","page","type-page","status-publish","czr-hentry"],"yoast_head":"<!-- This site is optimized with the Yoast SEO plugin v26.9 - https:\/\/yoast.com\/product\/yoast-seo-wordpress\/ -->\n<title>Qui sommes nous? \/ Contact - Chez Jean de Strivay - Besse Sur Issole<\/title>\n<meta name=\"robots\" content=\"index, follow, max-snippet:-1, max-image-preview:large, max-video-preview:-1\" \/>\n<link rel=\"canonical\" href=\"https:\/\/chezjeandestrivay.com\/en\/qui-somme-nous\/\" \/>\n<meta property=\"og:locale\" content=\"en_GB\" \/>\n<meta property=\"og:type\" content=\"article\" \/>\n<meta property=\"og:title\" content=\"Qui sommes nous? \/ Contact - Chez Jean de Strivay - Besse Sur Issole\" \/>\n<meta property=\"og:description\" content=\"Chers visiteur, tout d\u2019abord, laissez nous vous remercier pour l\u2019int\u00e9r\u00eat que vous portez au domaine Jean de Strivay. Nous voudrions nous pr\u00e9senter en quelques mots. Nous sommes Paule et Christian. Nous habitons en Belgique, en r\u00e9gion li\u00e9geoise. \u00a0En 2019, bien qu\u2019elle se trouvait dans un \u00e9tat d\u2019abandon avanc\u00e9, nous avons \u00e9t\u00e9 conquis par cette propri\u00e9t\u00e9, [&hellip;]\" \/>\n<meta property=\"og:url\" content=\"https:\/\/chezjeandestrivay.com\/en\/qui-somme-nous\/\" \/>\n<meta property=\"og:site_name\" content=\"Chez Jean de Strivay - Besse Sur Issole\" \/>\n<meta property=\"article:publisher\" content=\"https:\/\/www.facebook.com\/people\/Chez-Jean-de-Strivay-locations-de-vacances-dans-le-Var\/100076308900986\/\" \/>\n<meta property=\"article:modified_time\" content=\"2026-02-19T16:27:58+00:00\" \/>\n<meta property=\"og:image\" content=\"https:\/\/chezjeandestrivay.com\/wp-content\/uploads\/elementor\/thumbs\/Proprietaires-q8clt8mmzzgi7zq1bjoa8j7ird2fs6o1caourw21rc.jpg\" \/>\n<meta name=\"twitter:card\" content=\"summary_large_image\" \/>\n<meta name=\"twitter:label1\" content=\"Estimated reading time\" \/>\n\t<meta name=\"twitter:data1\" content=\"2 minutes\" \/>\n<script type=\"application\/ld+json\" class=\"yoast-schema-graph\">{\"@context\":\"https:\/\/schema.org\",\"@graph\":[{\"@type\":\"WebPage\",\"@id\":\"https:\/\/chezjeandestrivay.com\/qui-somme-nous\/\",\"url\":\"https:\/\/chezjeandestrivay.com\/qui-somme-nous\/\",\"name\":\"Qui sommes nous? \/ Contact - Chez Jean de Strivay - Besse Sur Issole\",\"isPartOf\":{\"@id\":\"https:\/\/chezjeandestrivay.com\/#website\"},\"primaryImageOfPage\":{\"@id\":\"https:\/\/chezjeandestrivay.com\/qui-somme-nous\/#primaryimage\"},\"image\":{\"@id\":\"https:\/\/chezjeandestrivay.com\/qui-somme-nous\/#primaryimage\"},\"thumbnailUrl\":\"https:\/\/chezjeandestrivay.com\/wp-content\/uploads\/elementor\/thumbs\/Proprietaires-q8clt8mmzzgi7zq1bjoa8j7ird2fs6o1caourw21rc.jpg\",\"datePublished\":\"2023-02-06T12:19:18+00:00\",\"dateModified\":\"2026-02-19T16:27:58+00:00\",\"breadcrumb\":{\"@id\":\"https:\/\/chezjeandestrivay.com\/qui-somme-nous\/#breadcrumb\"},\"inLanguage\":\"en-GB\",\"potentialAction\":[{\"@type\":\"ReadAction\",\"target\":[\"https:\/\/chezjeandestrivay.com\/qui-somme-nous\/\"]}]},{\"@type\":\"ImageObject\",\"inLanguage\":\"en-GB\",\"@id\":\"https:\/\/chezjeandestrivay.com\/qui-somme-nous\/#primaryimage\",\"url\":\"https:\/\/chezjeandestrivay.com\/wp-content\/uploads\/elementor\/thumbs\/Proprietaires-q8clt8mmzzgi7zq1bjoa8j7ird2fs6o1caourw21rc.jpg\",\"contentUrl\":\"https:\/\/chezjeandestrivay.com\/wp-content\/uploads\/elementor\/thumbs\/Proprietaires-q8clt8mmzzgi7zq1bjoa8j7ird2fs6o1caourw21rc.jpg\"},{\"@type\":\"BreadcrumbList\",\"@id\":\"https:\/\/chezjeandestrivay.com\/qui-somme-nous\/#breadcrumb\",\"itemListElement\":[{\"@type\":\"ListItem\",\"position\":1,\"name\":\"Accueil\",\"item\":\"https:\/\/chezjeandestrivay.com\/\"},{\"@type\":\"ListItem\",\"position\":2,\"name\":\"Qui sommes nous? \/ Contact\"}]},{\"@type\":\"WebSite\",\"@id\":\"https:\/\/chezjeandestrivay.com\/#website\",\"url\":\"https:\/\/chezjeandestrivay.com\/\",\"name\":\"Chez Jean de Strivay - Besse Sur Issole\",\"description\":\"Provence, calme et nature\",\"publisher\":{\"@id\":\"https:\/\/chezjeandestrivay.com\/#organization\"},\"potentialAction\":[{\"@type\":\"SearchAction\",\"target\":{\"@type\":\"EntryPoint\",\"urlTemplate\":\"https:\/\/chezjeandestrivay.com\/?s={search_term_string}\"},\"query-input\":{\"@type\":\"PropertyValueSpecification\",\"valueRequired\":true,\"valueName\":\"search_term_string\"}}],\"inLanguage\":\"en-GB\"},{\"@type\":\"Organization\",\"@id\":\"https:\/\/chezjeandestrivay.com\/#organization\",\"name\":\"Chez Jean de Strivay - Besse Sur Issole\",\"url\":\"https:\/\/chezjeandestrivay.com\/\",\"logo\":{\"@type\":\"ImageObject\",\"inLanguage\":\"en-GB\",\"@id\":\"https:\/\/chezjeandestrivay.com\/#\/schema\/logo\/image\/\",\"url\":\"https:\/\/chezjeandestrivay.com\/wp-content\/uploads\/2023\/03\/cropped-cropped-cropped-20220426_160332.jpg\",\"contentUrl\":\"https:\/\/chezjeandestrivay.com\/wp-content\/uploads\/2023\/03\/cropped-cropped-cropped-20220426_160332.jpg\",\"width\":512,\"height\":512,\"caption\":\"Chez Jean de Strivay - Besse Sur Issole\"},\"image\":{\"@id\":\"https:\/\/chezjeandestrivay.com\/#\/schema\/logo\/image\/\"},\"sameAs\":[\"https:\/\/www.facebook.com\/people\/Chez-Jean-de-Strivay-locations-de-vacances-dans-le-Var\/100076308900986\/\"]}]}<\/script>\n<!-- \/ Yoast SEO plugin. -->","yoast_head_json":{"title":"Qui sommes nous? \/ Contact - Chez Jean de Strivay - Besse Sur Issole","robots":{"index":"index","follow":"follow","max-snippet":"max-snippet:-1","max-image-preview":"max-image-preview:large","max-video-preview":"max-video-preview:-1"},"canonical":"https:\/\/chezjeandestrivay.com\/en\/qui-somme-nous\/","og_locale":"en_GB","og_type":"article","og_title":"Qui sommes nous? \/ Contact - Chez Jean de Strivay - Besse Sur Issole","og_description":"Chers visiteur, tout d\u2019abord, laissez nous vous remercier pour l\u2019int\u00e9r\u00eat que vous portez au domaine Jean de Strivay. Nous voudrions nous pr\u00e9senter en quelques mots. Nous sommes Paule et Christian. Nous habitons en Belgique, en r\u00e9gion li\u00e9geoise. \u00a0En 2019, bien qu\u2019elle se trouvait dans un \u00e9tat d\u2019abandon avanc\u00e9, nous avons \u00e9t\u00e9 conquis par cette propri\u00e9t\u00e9, [&hellip;]","og_url":"https:\/\/chezjeandestrivay.com\/en\/qui-somme-nous\/","og_site_name":"Chez Jean de Strivay - Besse Sur Issole","article_publisher":"https:\/\/www.facebook.com\/people\/Chez-Jean-de-Strivay-locations-de-vacances-dans-le-Var\/100076308900986\/","article_modified_time":"2026-02-19T16:27:58+00:00","og_image":[{"url":"https:\/\/chezjeandestrivay.com\/wp-content\/uploads\/elementor\/thumbs\/Proprietaires-q8clt8mmzzgi7zq1bjoa8j7ird2fs6o1caourw21rc.jpg","type":"","width":"","height":""}],"twitter_card":"summary_large_image","twitter_misc":{"Estimated reading time":"2 minutes"},"schema":{"@context":"https:\/\/schema.org","@graph":[{"@type":"WebPage","@id":"https:\/\/chezjeandestrivay.com\/qui-somme-nous\/","url":"https:\/\/chezjeandestrivay.com\/qui-somme-nous\/","name":"Qui sommes nous? \/ Contact - Chez Jean de Strivay - Besse Sur Issole","isPartOf":{"@id":"https:\/\/chezjeandestrivay.com\/#website"},"primaryImageOfPage":{"@id":"https:\/\/chezjeandestrivay.com\/qui-somme-nous\/#primaryimage"},"image":{"@id":"https:\/\/chezjeandestrivay.com\/qui-somme-nous\/#primaryimage"},"thumbnailUrl":"https:\/\/chezjeandestrivay.com\/wp-content\/uploads\/elementor\/thumbs\/Proprietaires-q8clt8mmzzgi7zq1bjoa8j7ird2fs6o1caourw21rc.jpg","datePublished":"2023-02-06T12:19:18+00:00","dateModified":"2026-02-19T16:27:58+00:00","breadcrumb":{"@id":"https:\/\/chezjeandestrivay.com\/qui-somme-nous\/#breadcrumb"},"inLanguage":"en-GB","potentialAction":[{"@type":"ReadAction","target":["https:\/\/chezjeandestrivay.com\/qui-somme-nous\/"]}]},{"@type":"ImageObject","inLanguage":"en-GB","@id":"https:\/\/chezjeandestrivay.com\/qui-somme-nous\/#primaryimage","url":"https:\/\/chezjeandestrivay.com\/wp-content\/uploads\/elementor\/thumbs\/Proprietaires-q8clt8mmzzgi7zq1bjoa8j7ird2fs6o1caourw21rc.jpg","contentUrl":"https:\/\/chezjeandestrivay.com\/wp-content\/uploads\/elementor\/thumbs\/Proprietaires-q8clt8mmzzgi7zq1bjoa8j7ird2fs6o1caourw21rc.jpg"},{"@type":"BreadcrumbList","@id":"https:\/\/chezjeandestrivay.com\/qui-somme-nous\/#breadcrumb","itemListElement":[{"@type":"ListItem","position":1,"name":"Accueil","item":"https:\/\/chezjeandestrivay.com\/"},{"@type":"ListItem","position":2,"name":"Qui sommes nous? \/ Contact"}]},{"@type":"WebSite","@id":"https:\/\/chezjeandestrivay.com\/#website","url":"https:\/\/chezjeandestrivay.com\/","name":"Chez Jean de Strivay - Besse Sur Issole","description":"Provence, calme et nature","publisher":{"@id":"https:\/\/chezjeandestrivay.com\/#organization"},"potentialAction":[{"@type":"SearchAction","target":{"@type":"EntryPoint","urlTemplate":"https:\/\/chezjeandestrivay.com\/?s={search_term_string}"},"query-input":{"@type":"PropertyValueSpecification","valueRequired":true,"valueName":"search_term_string"}}],"inLanguage":"en-GB"},{"@type":"Organization","@id":"https:\/\/chezjeandestrivay.com\/#organization","name":"Chez Jean de Strivay - Besse Sur Issole","url":"https:\/\/chezjeandestrivay.com\/","logo":{"@type":"ImageObject","inLanguage":"en-GB","@id":"https:\/\/chezjeandestrivay.com\/#\/schema\/logo\/image\/","url":"https:\/\/chezjeandestrivay.com\/wp-content\/uploads\/2023\/03\/cropped-cropped-cropped-20220426_160332.jpg","contentUrl":"https:\/\/chezjeandestrivay.com\/wp-content\/uploads\/2023\/03\/cropped-cropped-cropped-20220426_160332.jpg","width":512,"height":512,"caption":"Chez Jean de Strivay - Besse Sur Issole"},"image":{"@id":"https:\/\/chezjeandestrivay.com\/#\/schema\/logo\/image\/"},"sameAs":["https:\/\/www.facebook.com\/people\/Chez-Jean-de-Strivay-locations-de-vacances-dans-le-Var\/100076308900986\/"]}]}},"jetpack_sharing_enabled":true,"_links":{"self":[{"href":"https:\/\/chezjeandestrivay.com\/en\/wp-json\/wp\/v2\/pages\/72","targetHints":{"allow":["GET"]}}],"collection":[{"href":"https:\/\/chezjeandestrivay.com\/en\/wp-json\/wp\/v2\/pages"}],"about":[{"href":"https:\/\/chezjeandestrivay.com\/en\/wp-json\/wp\/v2\/types\/page"}],"author":[{"embeddable":true,"href":"https:\/\/chezjeandestrivay.com\/en\/wp-json\/wp\/v2\/users\/1"}],"replies":[{"embeddable":true,"href":"https:\/\/chezjeandestrivay.com\/en\/wp-json\/wp\/v2\/comments?post=72"}],"version-history":[{"count":34,"href":"https:\/\/chezjeandestrivay.com\/en\/wp-json\/wp\/v2\/pages\/72\/revisions"}],"predecessor-version":[{"id":1301,"href":"https:\/\/chezjeandestrivay.com\/en\/wp-json\/wp\/v2\/pages\/72\/revisions\/1301"}],"wp:attachment":[{"href":"https:\/\/chezjeandestrivay.com\/en\/wp-json\/wp\/v2\/media?parent=72"}],"curies":[{"name":"wp","href":"https:\/\/api.w.org\/{rel}","templated":true}]}}