{"id":399,"date":"2023-05-09T22:53:31","date_gmt":"2023-05-09T20:53:31","guid":{"rendered":"https:\/\/chezjeandestrivay.com\/?page_id=399"},"modified":"2023-05-18T11:22:12","modified_gmt":"2023-05-18T09:22:12","slug":"ou-sommes-nous","status":"publish","type":"page","link":"https:\/\/chezjeandestrivay.com\/en\/ou-sommes-nous\/","title":{"rendered":"Where are we?"},"content":{"rendered":"<div data-elementor-type=\"wp-page\" data-elementor-id=\"399\" class=\"elementor elementor-399\">\n\t\t\t\t\t\t<section class=\"elementor-section elementor-top-section elementor-element elementor-element-9d78b8c elementor-section-boxed elementor-section-height-default elementor-section-height-default\" data-id=\"9d78b8c\" data-element_type=\"section\" data-e-type=\"section\">\n\t\t\t\t\t\t<div class=\"elementor-container elementor-column-gap-default\">\n\t\t\t\t\t<div class=\"elementor-column elementor-col-100 elementor-top-column elementor-element elementor-element-c385a61\" data-id=\"c385a61\" data-element_type=\"column\" data-e-type=\"column\">\n\t\t\t<div class=\"elementor-widget-wrap elementor-element-populated\">\n\t\t\t\t\t\t<div class=\"elementor-element elementor-element-e1eb01e elementor-widget elementor-widget-text-editor\" data-id=\"e1eb01e\" data-element_type=\"widget\" data-e-type=\"widget\" data-widget_type=\"text-editor.default\">\n\t\t\t\t<div class=\"elementor-widget-container\">\n\t\t\t\t\t\t\t\t\t<p>The Chez Jean de Strivay estate is ideally placed to explore the region, not far from two entrances to two different highways. Carnoules train station, 10 minutes away, is located on the railway line which serves the entire coast from Marseille to Menton.<\/p><p>On the A8 coming from Aix en Provence, take the Brignoles exit then direction Flassans then Besse sur Issole. In Besse, take the Carnoules road for a few hundred meters. Take a small street on the left after the earthmoving company.<\/p><p>On the A57 coming from Toulon, take the Carnoules exit then left towards Carnoules. At the locomotive roundabout, turn right towards Besse sur Issole. Drive a few kilometers then, shortly before arriving in Besse sur Issole, just after the dog grooming, take the small street on the right.<\/p><p>In both cases, the off-highway journey takes less than 15 minutes.<\/p>\t\t\t\t\t\t\t\t<\/div>\n\t\t\t\t<\/div>\n\t\t\t\t\t<\/div>\n\t\t<\/div>\n\t\t\t\t\t<\/div>\n\t\t<\/section>\n\t\t\t\t<section class=\"elementor-section elementor-top-section elementor-element elementor-element-5f1cfae elementor-section-boxed elementor-section-height-default elementor-section-height-default\" data-id=\"5f1cfae\" data-element_type=\"section\" data-e-type=\"section\">\n\t\t\t\t\t\t<div class=\"elementor-container elementor-column-gap-default\">\n\t\t\t\t\t<div class=\"elementor-column elementor-col-100 elementor-top-column elementor-element elementor-element-bf5a4a6\" data-id=\"bf5a4a6\" data-element_type=\"column\" data-e-type=\"column\">\n\t\t\t<div class=\"elementor-widget-wrap elementor-element-populated\">\n\t\t\t\t\t\t<div class=\"elementor-element elementor-element-2168b2c elementor-widget elementor-widget-google_maps\" data-id=\"2168b2c\" data-element_type=\"widget\" data-e-type=\"widget\" data-widget_type=\"google_maps.default\">\n\t\t\t\t<div class=\"elementor-widget-container\">\n\t\t\t\t\t\t\t<div class=\"elementor-custom-embed\">\n\t\t\t<iframe loading=\"lazy\"\n\t\t\t\t\tsrc=\"https:\/\/maps.google.com\/maps?q=Besse-sur-Issole&#038;t=m&#038;z=9&#038;output=embed&#038;iwloc=near\"\n\t\t\t\t\ttitle=\"Besse-sur-Issole\"\n\t\t\t\t\taria-label=\"Besse-sur-Issole\"\n\t\t\t><\/iframe>\n\t\t<\/div>\n\t\t\t\t\t\t<\/div>\n\t\t\t\t<\/div>\n\t\t\t\t\t<\/div>\n\t\t<\/div>\n\t\t\t\t\t<\/div>\n\t\t<\/section>\n\t\t\t\t<\/div>","protected":false},"excerpt":{"rendered":"<p>Le domaine Chez Jean de Strivay est id\u00e9alement plac\u00e9 pour rayonner dans la r\u00e9gion, non loin de deux entr\u00e9es de deux autoroutes diff\u00e9rentes. La gare de Carnoules, \u00e0 10 minutes, est situ\u00e9e sur la ligne ferroviaire qui dessert toute la c\u00f4te de Marseille \u00e0 Menton. Sur l&rsquo;A8 venant d&rsquo;Aix en Provence, prendre la sortie Brignoles [&hellip;]<\/p>","protected":false},"author":3,"featured_media":0,"parent":0,"menu_order":0,"comment_status":"closed","ping_status":"closed","template":"","meta":{"footnotes":""},"class_list":["post-399","page","type-page","status-publish","czr-hentry"],"yoast_head":"<!-- This site is optimized with the Yoast SEO plugin v26.9 - https:\/\/yoast.com\/product\/yoast-seo-wordpress\/ -->\n<title>O\u00f9 sommes nous? - Chez Jean de Strivay - Besse Sur Issole<\/title>\n<meta name=\"description\" content=\"Le domaine Chez Jean de Strivay est id\u00e9alement plac\u00e9 pour rayonner dans la r\u00e9gion, non loin de deux entr\u00e9es de deux autoroutes diff\u00e9rentes. La gare de Carnoules, \u00e0 10 minutes, est situ\u00e9e sur la ligne ferroviaire qui dessert toute la c\u00f4te de Marseille \u00e0 Menton.\" \/>\n<meta name=\"robots\" content=\"index, follow, max-snippet:-1, max-image-preview:large, max-video-preview:-1\" \/>\n<link rel=\"canonical\" href=\"https:\/\/chezjeandestrivay.com\/en\/ou-sommes-nous\/\" \/>\n<meta property=\"og:locale\" content=\"en_GB\" \/>\n<meta property=\"og:type\" content=\"article\" \/>\n<meta property=\"og:title\" content=\"O\u00f9 sommes nous? - Chez Jean de Strivay - Besse Sur Issole\" \/>\n<meta property=\"og:description\" content=\"Le domaine Chez Jean de Strivay est id\u00e9alement plac\u00e9 pour rayonner dans la r\u00e9gion, non loin de deux entr\u00e9es de deux autoroutes diff\u00e9rentes. La gare de Carnoules, \u00e0 10 minutes, est situ\u00e9e sur la ligne ferroviaire qui dessert toute la c\u00f4te de Marseille \u00e0 Menton.\" \/>\n<meta property=\"og:url\" content=\"https:\/\/chezjeandestrivay.com\/en\/ou-sommes-nous\/\" \/>\n<meta property=\"og:site_name\" content=\"Chez Jean de Strivay - Besse Sur Issole\" \/>\n<meta property=\"article:publisher\" content=\"https:\/\/www.facebook.com\/people\/Chez-Jean-de-Strivay-locations-de-vacances-dans-le-Var\/100076308900986\/\" \/>\n<meta property=\"article:modified_time\" content=\"2023-05-18T09:22:12+00:00\" \/>\n<meta name=\"twitter:card\" content=\"summary_large_image\" \/>\n<meta name=\"twitter:label1\" content=\"Estimated reading time\" \/>\n\t<meta name=\"twitter:data1\" content=\"1 minute\" \/>\n<script type=\"application\/ld+json\" class=\"yoast-schema-graph\">{\"@context\":\"https:\/\/schema.org\",\"@graph\":[{\"@type\":\"WebPage\",\"@id\":\"https:\/\/chezjeandestrivay.com\/ou-sommes-nous\/\",\"url\":\"https:\/\/chezjeandestrivay.com\/ou-sommes-nous\/\",\"name\":\"O\u00f9 sommes nous? - Chez Jean de Strivay - Besse Sur Issole\",\"isPartOf\":{\"@id\":\"https:\/\/chezjeandestrivay.com\/#website\"},\"datePublished\":\"2023-05-09T20:53:31+00:00\",\"dateModified\":\"2023-05-18T09:22:12+00:00\",\"description\":\"Le domaine Chez Jean de Strivay est id\u00e9alement plac\u00e9 pour rayonner dans la r\u00e9gion, non loin de deux entr\u00e9es de deux autoroutes diff\u00e9rentes. La gare de Carnoules, \u00e0 10 minutes, est situ\u00e9e sur la ligne ferroviaire qui dessert toute la c\u00f4te de Marseille \u00e0 Menton.\",\"breadcrumb\":{\"@id\":\"https:\/\/chezjeandestrivay.com\/ou-sommes-nous\/#breadcrumb\"},\"inLanguage\":\"en-GB\",\"potentialAction\":[{\"@type\":\"ReadAction\",\"target\":[\"https:\/\/chezjeandestrivay.com\/ou-sommes-nous\/\"]}]},{\"@type\":\"BreadcrumbList\",\"@id\":\"https:\/\/chezjeandestrivay.com\/ou-sommes-nous\/#breadcrumb\",\"itemListElement\":[{\"@type\":\"ListItem\",\"position\":1,\"name\":\"Accueil\",\"item\":\"https:\/\/chezjeandestrivay.com\/\"},{\"@type\":\"ListItem\",\"position\":2,\"name\":\"O\u00f9 sommes nous?\"}]},{\"@type\":\"WebSite\",\"@id\":\"https:\/\/chezjeandestrivay.com\/#website\",\"url\":\"https:\/\/chezjeandestrivay.com\/\",\"name\":\"Chez Jean de Strivay - Besse Sur Issole\",\"description\":\"Provence, calme et nature\",\"publisher\":{\"@id\":\"https:\/\/chezjeandestrivay.com\/#organization\"},\"potentialAction\":[{\"@type\":\"SearchAction\",\"target\":{\"@type\":\"EntryPoint\",\"urlTemplate\":\"https:\/\/chezjeandestrivay.com\/?s={search_term_string}\"},\"query-input\":{\"@type\":\"PropertyValueSpecification\",\"valueRequired\":true,\"valueName\":\"search_term_string\"}}],\"inLanguage\":\"en-GB\"},{\"@type\":\"Organization\",\"@id\":\"https:\/\/chezjeandestrivay.com\/#organization\",\"name\":\"Chez Jean de Strivay - Besse Sur Issole\",\"url\":\"https:\/\/chezjeandestrivay.com\/\",\"logo\":{\"@type\":\"ImageObject\",\"inLanguage\":\"en-GB\",\"@id\":\"https:\/\/chezjeandestrivay.com\/#\/schema\/logo\/image\/\",\"url\":\"https:\/\/chezjeandestrivay.com\/wp-content\/uploads\/2023\/03\/cropped-cropped-cropped-20220426_160332.jpg\",\"contentUrl\":\"https:\/\/chezjeandestrivay.com\/wp-content\/uploads\/2023\/03\/cropped-cropped-cropped-20220426_160332.jpg\",\"width\":512,\"height\":512,\"caption\":\"Chez Jean de Strivay - Besse Sur Issole\"},\"image\":{\"@id\":\"https:\/\/chezjeandestrivay.com\/#\/schema\/logo\/image\/\"},\"sameAs\":[\"https:\/\/www.facebook.com\/people\/Chez-Jean-de-Strivay-locations-de-vacances-dans-le-Var\/100076308900986\/\"]}]}<\/script>\n<!-- \/ Yoast SEO plugin. -->","yoast_head_json":{"title":"O\u00f9 sommes nous? - Chez Jean de Strivay - Besse Sur Issole","description":"The Chez Jean de Strivay estate is ideally placed to explore the region, not far from two entrances to two different highways. Carnoules train station, 10 minutes away, is located on the railway line which serves the entire coast from Marseille to Menton.","robots":{"index":"index","follow":"follow","max-snippet":"max-snippet:-1","max-image-preview":"max-image-preview:large","max-video-preview":"max-video-preview:-1"},"canonical":"https:\/\/chezjeandestrivay.com\/en\/ou-sommes-nous\/","og_locale":"en_GB","og_type":"article","og_title":"O\u00f9 sommes nous? - Chez Jean de Strivay - Besse Sur Issole","og_description":"Le domaine Chez Jean de Strivay est id\u00e9alement plac\u00e9 pour rayonner dans la r\u00e9gion, non loin de deux entr\u00e9es de deux autoroutes diff\u00e9rentes. La gare de Carnoules, \u00e0 10 minutes, est situ\u00e9e sur la ligne ferroviaire qui dessert toute la c\u00f4te de Marseille \u00e0 Menton.","og_url":"https:\/\/chezjeandestrivay.com\/en\/ou-sommes-nous\/","og_site_name":"Chez Jean de Strivay - Besse Sur Issole","article_publisher":"https:\/\/www.facebook.com\/people\/Chez-Jean-de-Strivay-locations-de-vacances-dans-le-Var\/100076308900986\/","article_modified_time":"2023-05-18T09:22:12+00:00","twitter_card":"summary_large_image","twitter_misc":{"Estimated reading time":"1 minute"},"schema":{"@context":"https:\/\/schema.org","@graph":[{"@type":"WebPage","@id":"https:\/\/chezjeandestrivay.com\/ou-sommes-nous\/","url":"https:\/\/chezjeandestrivay.com\/ou-sommes-nous\/","name":"O\u00f9 sommes nous? - Chez Jean de Strivay - Besse Sur Issole","isPartOf":{"@id":"https:\/\/chezjeandestrivay.com\/#website"},"datePublished":"2023-05-09T20:53:31+00:00","dateModified":"2023-05-18T09:22:12+00:00","description":"The Chez Jean de Strivay estate is ideally placed to explore the region, not far from two entrances to two different highways. Carnoules train station, 10 minutes away, is located on the railway line which serves the entire coast from Marseille to Menton.","breadcrumb":{"@id":"https:\/\/chezjeandestrivay.com\/ou-sommes-nous\/#breadcrumb"},"inLanguage":"en-GB","potentialAction":[{"@type":"ReadAction","target":["https:\/\/chezjeandestrivay.com\/ou-sommes-nous\/"]}]},{"@type":"BreadcrumbList","@id":"https:\/\/chezjeandestrivay.com\/ou-sommes-nous\/#breadcrumb","itemListElement":[{"@type":"ListItem","position":1,"name":"Accueil","item":"https:\/\/chezjeandestrivay.com\/"},{"@type":"ListItem","position":2,"name":"O\u00f9 sommes nous?"}]},{"@type":"WebSite","@id":"https:\/\/chezjeandestrivay.com\/#website","url":"https:\/\/chezjeandestrivay.com\/","name":"Chez Jean de Strivay - Besse Sur Issole","description":"Provence, calme et nature","publisher":{"@id":"https:\/\/chezjeandestrivay.com\/#organization"},"potentialAction":[{"@type":"SearchAction","target":{"@type":"EntryPoint","urlTemplate":"https:\/\/chezjeandestrivay.com\/?s={search_term_string}"},"query-input":{"@type":"PropertyValueSpecification","valueRequired":true,"valueName":"search_term_string"}}],"inLanguage":"en-GB"},{"@type":"Organization","@id":"https:\/\/chezjeandestrivay.com\/#organization","name":"Chez Jean de Strivay - Besse Sur Issole","url":"https:\/\/chezjeandestrivay.com\/","logo":{"@type":"ImageObject","inLanguage":"en-GB","@id":"https:\/\/chezjeandestrivay.com\/#\/schema\/logo\/image\/","url":"https:\/\/chezjeandestrivay.com\/wp-content\/uploads\/2023\/03\/cropped-cropped-cropped-20220426_160332.jpg","contentUrl":"https:\/\/chezjeandestrivay.com\/wp-content\/uploads\/2023\/03\/cropped-cropped-cropped-20220426_160332.jpg","width":512,"height":512,"caption":"Chez Jean de Strivay - Besse Sur Issole"},"image":{"@id":"https:\/\/chezjeandestrivay.com\/#\/schema\/logo\/image\/"},"sameAs":["https:\/\/www.facebook.com\/people\/Chez-Jean-de-Strivay-locations-de-vacances-dans-le-Var\/100076308900986\/"]}]}},"jetpack_sharing_enabled":true,"_links":{"self":[{"href":"https:\/\/chezjeandestrivay.com\/en\/wp-json\/wp\/v2\/pages\/399","targetHints":{"allow":["GET"]}}],"collection":[{"href":"https:\/\/chezjeandestrivay.com\/en\/wp-json\/wp\/v2\/pages"}],"about":[{"href":"https:\/\/chezjeandestrivay.com\/en\/wp-json\/wp\/v2\/types\/page"}],"author":[{"embeddable":true,"href":"https:\/\/chezjeandestrivay.com\/en\/wp-json\/wp\/v2\/users\/3"}],"replies":[{"embeddable":true,"href":"https:\/\/chezjeandestrivay.com\/en\/wp-json\/wp\/v2\/comments?post=399"}],"version-history":[{"count":33,"href":"https:\/\/chezjeandestrivay.com\/en\/wp-json\/wp\/v2\/pages\/399\/revisions"}],"predecessor-version":[{"id":491,"href":"https:\/\/chezjeandestrivay.com\/en\/wp-json\/wp\/v2\/pages\/399\/revisions\/491"}],"wp:attachment":[{"href":"https:\/\/chezjeandestrivay.com\/en\/wp-json\/wp\/v2\/media?parent=399"}],"curies":[{"name":"wp","href":"https:\/\/api.w.org\/{rel}","templated":true}]}}